{"id":996,"date":"2021-04-07T14:50:30","date_gmt":"2021-04-07T12:50:30","guid":{"rendered":"https:\/\/maldazcollection.com\/non%20class\u00e9\/chien-fu-de-pierre-edition-limitee\/"},"modified":"2022-11-21T10:36:22","modified_gmt":"2022-11-21T09:36:22","slug":"stone-fu-dog","status":"publish","type":"product","link":"https:\/\/maldazcollection.com\/fr\/outlet-fr\/stone-fu-dog\/","title":{"rendered":"Stone Fu Dog <br><h3>\u00c9DITION LIMIT\u00c9E <\/h3>"},"content":{"rendered":"<div id=\"ancla\"><a name=\"tallas\"><\/a><\/div>\n<table>\n<tbody>\n<tr>\n<td style=\"text-align: center;\"><strong>S<\/strong><\/td>\n<td style=\"text-align: center;\">Buste<\/td>\n<td style=\"text-align: center;\">88-93cm<\/td>\n<\/tr>\n<tr>\n<td style=\"text-align: center;\"><strong>M<\/strong><\/td>\n<td style=\"text-align: center;\">Buste<\/td>\n<td style=\"text-align: center;\">93-97cm<\/td>\n<\/tr>\n<tr>\n<td style=\"text-align: center;\"><strong>L<\/strong><\/td>\n<td style=\"text-align: center;\">Buste<\/td>\n<td style=\"text-align: center;\">97-101cm<\/td>\n<\/tr>\n<tr>\n<td style=\"text-align: center;\"><strong>XL<\/strong><\/td>\n<td style=\"text-align: center;\">Buste<\/td>\n<td style=\"text-align: center;\">101-105cm<\/td>\n<\/tr>\n<\/tbody>\n<\/table>\n","protected":false},"excerpt":{"rendered":"<p><strong><a href=\"#tallas\">GUIDE DES TAILLES<\/a><\/strong><br \/>\n<img loading=\"lazy\" decoding=\"async\" class=\"alignnone wp-image-341\" src=\"https:\/\/maldazcollection.com\/wp-content\/uploads\/2021\/04\/limited-edition-1-150x150.png\" alt=\"\" width=\"100\" height=\"100\" srcset=\"https:\/\/maldazcollection.com\/wp-content\/uploads\/2021\/04\/limited-edition-1-150x150.png 150w, https:\/\/maldazcollection.com\/wp-content\/uploads\/2021\/04\/limited-edition-1-300x300.png 300w, https:\/\/maldazcollection.com\/wp-content\/uploads\/2021\/04\/limited-edition-1-100x100.png 100w, https:\/\/maldazcollection.com\/wp-content\/uploads\/2021\/04\/limited-edition-1.png 417w\" sizes=\"auto, (max-width: 100px) 100vw, 100px\" \/><\/p>\n<h4>\u00caTRE INSPIR\u00c9<\/h4>\n<p>L&rsquo;inspiration pour ce design va de pair avec notre logo, les figures Fu Dogs ou traditionnellement connues sous le nom de \u00ab\u00a0Lions de Fu\u00a0\u00bb dans la culture bouddhiste. Pendant des millions d&rsquo;ann\u00e9es, ils ont courtis\u00e9 les portes des lieux sacr\u00e9s dans une grande partie de l&rsquo;Asie, symbole de protection, comme le v\u00e9hicule la lionne sculpt\u00e9e dans la pierre avec son petit sous sa patte.<\/p>\n<h4>Informations g\u00e9n\u00e9rales:<\/h4>\n<ul>\n<li>\u00c9dition limit\u00e9e de 100 unit\u00e9s<\/li>\n<li>Con\u00e7u \u00e0 Madrid et fabriqu\u00e9 \u00e0 La Ribera del Duero<\/li>\n<li>Composition : 100% Coton (160gr\/m)<\/li>\n<li>Impression : S\u00e9rigraphie<\/li>\n<li>D\u00e9tails en cristal noir mat<\/li>\n<li>Col rond effet us\u00e9<\/li>\n<li>coupe r\u00e9guli\u00e8re<\/li>\n<\/ul>\n<div class=\"wp-block-button\"><a class=\"wp-block-button__link has-black-color has-white-background-color has-text-color has-background\" href=\"\/cuidados-de-la-prenda\/\" target=\"_blank\" rel=\"noopener\">Entretien des v\u00eatements<\/a><\/div>\n","protected":false},"featured_media":908,"template":"","meta":{"_editorskit_title_hidden":false,"_editorskit_reading_time":0,"_editorskit_is_block_options_detached":false,"_editorskit_block_options_position":"{}","_uag_custom_page_level_css":"","site-sidebar-layout":"default","site-content-layout":"default","ast-site-content-layout":"default","site-content-style":"default","site-sidebar-style":"default","ast-global-header-display":"","ast-banner-title-visibility":"","ast-main-header-display":"","ast-hfb-above-header-display":"","ast-hfb-below-header-display":"","ast-hfb-mobile-header-display":"","site-post-title":"","ast-breadcrumbs-content":"","ast-featured-img":"","footer-sml-layout":"","ast-disable-related-posts":"","theme-transparent-header-meta":"default","adv-header-id-meta":"","stick-header-meta":"default","header-above-stick-meta":"","header-main-stick-meta":"","header-below-stick-meta":"","astra-migrate-meta-layouts":"default","ast-page-background-enabled":"default","ast-page-background-meta":{"desktop":{"background-color":"","background-image":"","background-repeat":"repeat","background-position":"center center","background-size":"auto","background-attachment":"scroll","background-type":"","background-media":"","overlay-type":"","overlay-color":"","overlay-opacity":"","overlay-gradient":""},"tablet":{"background-color":"","background-image":"","background-repeat":"repeat","background-position":"center center","background-size":"auto","background-attachment":"scroll","background-type":"","background-media":"","overlay-type":"","overlay-color":"","overlay-opacity":"","overlay-gradient":""},"mobile":{"background-color":"","background-image":"","background-repeat":"repeat","background-position":"center center","background-size":"auto","background-attachment":"scroll","background-type":"","background-media":"","overlay-type":"","overlay-color":"","overlay-opacity":"","overlay-gradient":""}},"ast-content-background-meta":{"desktop":{"background-color":"var(--ast-global-color-5)","background-image":"","background-repeat":"repeat","background-position":"center center","background-size":"auto","background-attachment":"scroll","background-type":"","background-media":"","overlay-type":"","overlay-color":"","overlay-opacity":"","overlay-gradient":""},"tablet":{"background-color":"var(--ast-global-color-5)","background-image":"","background-repeat":"repeat","background-position":"center center","background-size":"auto","background-attachment":"scroll","background-type":"","background-media":"","overlay-type":"","overlay-color":"","overlay-opacity":"","overlay-gradient":""},"mobile":{"background-color":"var(--ast-global-color-5)","background-image":"","background-repeat":"repeat","background-position":"center center","background-size":"auto","background-attachment":"scroll","background-type":"","background-media":"","overlay-type":"","overlay-color":"","overlay-opacity":"","overlay-gradient":""}}},"product_brand":[],"product_cat":[47],"product_tag":[],"class_list":{"0":"post-996","1":"product","2":"type-product","3":"status-publish","4":"has-post-thumbnail","6":"product_cat-outlet-fr","7":"desktop-align-center","8":"tablet-align-center","9":"mobile-align-center","10":"ast-product-gallery-layout-horizontal","11":"ast-magnify-disabled","12":"ast-product-single-variable","13":"ast-product-tabs-layout-horizontal","15":"first","16":"instock","17":"sale","18":"taxable","19":"shipping-taxable","20":"purchasable","21":"product-type-variable","22":"has-default-attributes"},"yoast_head":"<!-- This site is optimized with the Yoast SEO plugin v27.2 - https:\/\/yoast.com\/product\/yoast-seo-wordpress\/ -->\n<title>Stone Fu Dog \u00c9DITION LIMIT\u00c9E  | Outlet - Maldaz Collection<\/title>\n<meta name=\"robots\" content=\"index, follow, max-snippet:-1, max-image-preview:large, max-video-preview:-1\" \/>\n<link rel=\"canonical\" href=\"https:\/\/maldazcollection.com\/fr\/outlet-fr\/stone-fu-dog\/\" \/>\n<meta property=\"og:locale\" content=\"fr_FR\" \/>\n<meta property=\"og:type\" content=\"article\" \/>\n<meta property=\"og:title\" content=\"Stone Fu Dog \u00c9DITION LIMIT\u00c9E  | Outlet - Maldaz Collection\" \/>\n<meta property=\"og:description\" content=\"GUIDE DES TAILLES \u00caTRE INSPIR\u00c9 L&#039;inspiration pour ce design va de pair avec notre logo, les figures Fu Dogs ou traditionnellement connues sous le nom de &quot;Lions de Fu&quot; dans la culture bouddhiste. Pendant des millions d&#039;ann\u00e9es, ils ont courtis\u00e9 les portes des lieux sacr\u00e9s dans une grande partie de l&#039;Asie, symbole de protection, comme le v\u00e9hicule la lionne sculpt\u00e9e dans la pierre avec son petit sous sa patte. Informations g\u00e9n\u00e9rales:  \u00c9dition limit\u00e9e de 100 unit\u00e9s  Con\u00e7u \u00e0 Madrid et fabriqu\u00e9 \u00e0 La Ribera del Duero  Composition : 100% Coton (160gr\/m)  Impression : S\u00e9rigraphie  D\u00e9tails en cristal noir mat  Col rond effet us\u00e9  coupe r\u00e9guli\u00e8re Entretien des v\u00eatements\" \/>\n<meta property=\"og:url\" content=\"https:\/\/maldazcollection.com\/fr\/outlet-fr\/stone-fu-dog\/\" \/>\n<meta property=\"og:site_name\" content=\"Maldaz Collection\" \/>\n<meta property=\"article:modified_time\" content=\"2022-11-21T09:36:22+00:00\" \/>\n<meta property=\"og:image\" content=\"https:\/\/maldazcollection.com\/wp-content\/uploads\/2021\/04\/maldaz-collection-stone-fu-dog-frontal.jpg\" \/>\n\t<meta property=\"og:image:width\" content=\"800\" \/>\n\t<meta property=\"og:image:height\" content=\"1200\" \/>\n\t<meta property=\"og:image:type\" content=\"image\/jpeg\" \/>\n<meta name=\"twitter:card\" content=\"summary_large_image\" \/>\n<script type=\"application\/ld+json\" class=\"yoast-schema-graph\">{\"@context\":\"https:\/\/schema.org\",\"@graph\":[{\"@type\":\"WebPage\",\"@id\":\"https:\/\/maldazcollection.com\/fr\/outlet-fr\/stone-fu-dog\/\",\"url\":\"https:\/\/maldazcollection.com\/fr\/outlet-fr\/stone-fu-dog\/\",\"name\":\"Stone Fu Dog \u00c9DITION LIMIT\u00c9E | Outlet - Maldaz Collection\",\"isPartOf\":{\"@id\":\"https:\/\/maldazcollection.com\/fr\/#website\"},\"primaryImageOfPage\":{\"@id\":\"https:\/\/maldazcollection.com\/fr\/outlet-fr\/stone-fu-dog\/#primaryimage\"},\"image\":{\"@id\":\"https:\/\/maldazcollection.com\/fr\/outlet-fr\/stone-fu-dog\/#primaryimage\"},\"thumbnailUrl\":\"https:\/\/maldazcollection.com\/wp-content\/uploads\/2021\/04\/maldaz-collection-stone-fu-dog-frontal.jpg\",\"datePublished\":\"2021-04-07T12:50:30+00:00\",\"dateModified\":\"2022-11-21T09:36:22+00:00\",\"breadcrumb\":{\"@id\":\"https:\/\/maldazcollection.com\/fr\/outlet-fr\/stone-fu-dog\/#breadcrumb\"},\"inLanguage\":\"fr-FR\",\"potentialAction\":[{\"@type\":\"ReadAction\",\"target\":[\"https:\/\/maldazcollection.com\/fr\/outlet-fr\/stone-fu-dog\/\"]}]},{\"@type\":\"ImageObject\",\"inLanguage\":\"fr-FR\",\"@id\":\"https:\/\/maldazcollection.com\/fr\/outlet-fr\/stone-fu-dog\/#primaryimage\",\"url\":\"https:\/\/maldazcollection.com\/wp-content\/uploads\/2021\/04\/maldaz-collection-stone-fu-dog-frontal.jpg\",\"contentUrl\":\"https:\/\/maldazcollection.com\/wp-content\/uploads\/2021\/04\/maldaz-collection-stone-fu-dog-frontal.jpg\",\"width\":800,\"height\":1200},{\"@type\":\"BreadcrumbList\",\"@id\":\"https:\/\/maldazcollection.com\/fr\/outlet-fr\/stone-fu-dog\/#breadcrumb\",\"itemListElement\":[{\"@type\":\"ListItem\",\"position\":1,\"name\":\"Portada\",\"item\":\"https:\/\/maldazcollection.com\/fr\/\"},{\"@type\":\"ListItem\",\"position\":2,\"name\":\"Boutique\",\"item\":\"https:\/\/maldazcollection.com\/fr\/boutique\/\"},{\"@type\":\"ListItem\",\"position\":3,\"name\":\"Stone Fu Dog \u00c9DITION LIMIT\u00c9E\"}]},{\"@type\":\"WebSite\",\"@id\":\"https:\/\/maldazcollection.com\/fr\/#website\",\"url\":\"https:\/\/maldazcollection.com\/fr\/\",\"name\":\"Maldaz Collection\",\"description\":\"Camisetas\",\"publisher\":{\"@id\":\"https:\/\/maldazcollection.com\/fr\/#organization\"},\"potentialAction\":[{\"@type\":\"SearchAction\",\"target\":{\"@type\":\"EntryPoint\",\"urlTemplate\":\"https:\/\/maldazcollection.com\/fr\/?s={search_term_string}\"},\"query-input\":{\"@type\":\"PropertyValueSpecification\",\"valueRequired\":true,\"valueName\":\"search_term_string\"}}],\"inLanguage\":\"fr-FR\"},{\"@type\":\"Organization\",\"@id\":\"https:\/\/maldazcollection.com\/fr\/#organization\",\"name\":\"Maldaz Collection\",\"url\":\"https:\/\/maldazcollection.com\/fr\/\",\"logo\":{\"@type\":\"ImageObject\",\"inLanguage\":\"fr-FR\",\"@id\":\"https:\/\/maldazcollection.com\/fr\/#\/schema\/logo\/image\/\",\"url\":\"https:\/\/maldazcollection.com\/wp-content\/uploads\/2021\/03\/cropped-logo-maldaz-nuevo-600.jpg\",\"contentUrl\":\"https:\/\/maldazcollection.com\/wp-content\/uploads\/2021\/03\/cropped-logo-maldaz-nuevo-600.jpg\",\"width\":600,\"height\":174,\"caption\":\"Maldaz Collection\"},\"image\":{\"@id\":\"https:\/\/maldazcollection.com\/fr\/#\/schema\/logo\/image\/\"}}]}<\/script>\n<!-- \/ Yoast SEO plugin. -->","yoast_head_json":{"title":"Stone Fu Dog \u00c9DITION LIMIT\u00c9E  | Outlet - Maldaz Collection","robots":{"index":"index","follow":"follow","max-snippet":"max-snippet:-1","max-image-preview":"max-image-preview:large","max-video-preview":"max-video-preview:-1"},"canonical":"https:\/\/maldazcollection.com\/fr\/outlet-fr\/stone-fu-dog\/","og_locale":"fr_FR","og_type":"article","og_title":"Stone Fu Dog \u00c9DITION LIMIT\u00c9E  | Outlet - Maldaz Collection","og_description":"GUIDE DES TAILLES \u00caTRE INSPIR\u00c9 L'inspiration pour ce design va de pair avec notre logo, les figures Fu Dogs ou traditionnellement connues sous le nom de \"Lions de Fu\" dans la culture bouddhiste. Pendant des millions d'ann\u00e9es, ils ont courtis\u00e9 les portes des lieux sacr\u00e9s dans une grande partie de l'Asie, symbole de protection, comme le v\u00e9hicule la lionne sculpt\u00e9e dans la pierre avec son petit sous sa patte. Informations g\u00e9n\u00e9rales:  \u00c9dition limit\u00e9e de 100 unit\u00e9s  Con\u00e7u \u00e0 Madrid et fabriqu\u00e9 \u00e0 La Ribera del Duero  Composition : 100% Coton (160gr\/m)  Impression : S\u00e9rigraphie  D\u00e9tails en cristal noir mat  Col rond effet us\u00e9  coupe r\u00e9guli\u00e8re Entretien des v\u00eatements","og_url":"https:\/\/maldazcollection.com\/fr\/outlet-fr\/stone-fu-dog\/","og_site_name":"Maldaz Collection","article_modified_time":"2022-11-21T09:36:22+00:00","og_image":[{"width":800,"height":1200,"url":"https:\/\/maldazcollection.com\/wp-content\/uploads\/2021\/04\/maldaz-collection-stone-fu-dog-frontal.jpg","type":"image\/jpeg"}],"twitter_card":"summary_large_image","schema":{"@context":"https:\/\/schema.org","@graph":[{"@type":"WebPage","@id":"https:\/\/maldazcollection.com\/fr\/outlet-fr\/stone-fu-dog\/","url":"https:\/\/maldazcollection.com\/fr\/outlet-fr\/stone-fu-dog\/","name":"Stone Fu Dog \u00c9DITION LIMIT\u00c9E | Outlet - Maldaz Collection","isPartOf":{"@id":"https:\/\/maldazcollection.com\/fr\/#website"},"primaryImageOfPage":{"@id":"https:\/\/maldazcollection.com\/fr\/outlet-fr\/stone-fu-dog\/#primaryimage"},"image":{"@id":"https:\/\/maldazcollection.com\/fr\/outlet-fr\/stone-fu-dog\/#primaryimage"},"thumbnailUrl":"https:\/\/maldazcollection.com\/wp-content\/uploads\/2021\/04\/maldaz-collection-stone-fu-dog-frontal.jpg","datePublished":"2021-04-07T12:50:30+00:00","dateModified":"2022-11-21T09:36:22+00:00","breadcrumb":{"@id":"https:\/\/maldazcollection.com\/fr\/outlet-fr\/stone-fu-dog\/#breadcrumb"},"inLanguage":"fr-FR","potentialAction":[{"@type":"ReadAction","target":["https:\/\/maldazcollection.com\/fr\/outlet-fr\/stone-fu-dog\/"]}]},{"@type":"ImageObject","inLanguage":"fr-FR","@id":"https:\/\/maldazcollection.com\/fr\/outlet-fr\/stone-fu-dog\/#primaryimage","url":"https:\/\/maldazcollection.com\/wp-content\/uploads\/2021\/04\/maldaz-collection-stone-fu-dog-frontal.jpg","contentUrl":"https:\/\/maldazcollection.com\/wp-content\/uploads\/2021\/04\/maldaz-collection-stone-fu-dog-frontal.jpg","width":800,"height":1200},{"@type":"BreadcrumbList","@id":"https:\/\/maldazcollection.com\/fr\/outlet-fr\/stone-fu-dog\/#breadcrumb","itemListElement":[{"@type":"ListItem","position":1,"name":"Portada","item":"https:\/\/maldazcollection.com\/fr\/"},{"@type":"ListItem","position":2,"name":"Boutique","item":"https:\/\/maldazcollection.com\/fr\/boutique\/"},{"@type":"ListItem","position":3,"name":"Stone Fu Dog \u00c9DITION LIMIT\u00c9E"}]},{"@type":"WebSite","@id":"https:\/\/maldazcollection.com\/fr\/#website","url":"https:\/\/maldazcollection.com\/fr\/","name":"Maldaz Collection","description":"Camisetas","publisher":{"@id":"https:\/\/maldazcollection.com\/fr\/#organization"},"potentialAction":[{"@type":"SearchAction","target":{"@type":"EntryPoint","urlTemplate":"https:\/\/maldazcollection.com\/fr\/?s={search_term_string}"},"query-input":{"@type":"PropertyValueSpecification","valueRequired":true,"valueName":"search_term_string"}}],"inLanguage":"fr-FR"},{"@type":"Organization","@id":"https:\/\/maldazcollection.com\/fr\/#organization","name":"Maldaz Collection","url":"https:\/\/maldazcollection.com\/fr\/","logo":{"@type":"ImageObject","inLanguage":"fr-FR","@id":"https:\/\/maldazcollection.com\/fr\/#\/schema\/logo\/image\/","url":"https:\/\/maldazcollection.com\/wp-content\/uploads\/2021\/03\/cropped-logo-maldaz-nuevo-600.jpg","contentUrl":"https:\/\/maldazcollection.com\/wp-content\/uploads\/2021\/03\/cropped-logo-maldaz-nuevo-600.jpg","width":600,"height":174,"caption":"Maldaz Collection"},"image":{"@id":"https:\/\/maldazcollection.com\/fr\/#\/schema\/logo\/image\/"}}]}},"uagb_featured_image_src":{"full":["https:\/\/maldazcollection.com\/wp-content\/uploads\/2021\/04\/maldaz-collection-stone-fu-dog-frontal.jpg",800,1200,false],"thumbnail":["https:\/\/maldazcollection.com\/wp-content\/uploads\/2021\/04\/maldaz-collection-stone-fu-dog-frontal-150x150.jpg",150,150,true],"medium":["https:\/\/maldazcollection.com\/wp-content\/uploads\/2021\/04\/maldaz-collection-stone-fu-dog-frontal-200x300.jpg",200,300,true],"medium_large":["https:\/\/maldazcollection.com\/wp-content\/uploads\/2021\/04\/maldaz-collection-stone-fu-dog-frontal-768x1152.jpg",768,1152,true],"large":["https:\/\/maldazcollection.com\/wp-content\/uploads\/2021\/04\/maldaz-collection-stone-fu-dog-frontal-683x1024.jpg",683,1024,true],"1536x1536":["https:\/\/maldazcollection.com\/wp-content\/uploads\/2021\/04\/maldaz-collection-stone-fu-dog-frontal.jpg",800,1200,false],"2048x2048":["https:\/\/maldazcollection.com\/wp-content\/uploads\/2021\/04\/maldaz-collection-stone-fu-dog-frontal.jpg",800,1200,false],"woocommerce_thumbnail":["https:\/\/maldazcollection.com\/wp-content\/uploads\/2021\/04\/maldaz-collection-stone-fu-dog-frontal-300x450.jpg",300,450,true],"woocommerce_single":["https:\/\/maldazcollection.com\/wp-content\/uploads\/2021\/04\/maldaz-collection-stone-fu-dog-frontal-600x900.jpg",600,900,true],"woocommerce_gallery_thumbnail":["https:\/\/maldazcollection.com\/wp-content\/uploads\/2021\/04\/maldaz-collection-stone-fu-dog-frontal-100x100.jpg",100,100,true]},"uagb_author_info":{"display_name":"empiezapori","author_link":"https:\/\/maldazcollection.com\/fr\/author\/"},"uagb_comment_info":0,"uagb_excerpt":"GUIDE DES TAILLES \u00caTRE INSPIR\u00c9 L'inspiration pour ce design va de pair avec notre logo, les figures Fu Dogs ou traditionnellement connues sous le nom de \"Lions de Fu\" dans la culture bouddhiste. Pendant des millions d'ann\u00e9es, ils ont courtis\u00e9 les portes des lieux sacr\u00e9s dans une grande partie de l'Asie, symbole de protection, comme\u2026","_links":{"self":[{"href":"https:\/\/maldazcollection.com\/fr\/wp-json\/wp\/v2\/product\/996","targetHints":{"allow":["GET"]}}],"collection":[{"href":"https:\/\/maldazcollection.com\/fr\/wp-json\/wp\/v2\/product"}],"about":[{"href":"https:\/\/maldazcollection.com\/fr\/wp-json\/wp\/v2\/types\/product"}],"wp:featuredmedia":[{"embeddable":true,"href":"https:\/\/maldazcollection.com\/fr\/wp-json\/wp\/v2\/media\/908"}],"wp:attachment":[{"href":"https:\/\/maldazcollection.com\/fr\/wp-json\/wp\/v2\/media?parent=996"}],"wp:term":[{"taxonomy":"product_brand","embeddable":true,"href":"https:\/\/maldazcollection.com\/fr\/wp-json\/wp\/v2\/product_brand?post=996"},{"taxonomy":"product_cat","embeddable":true,"href":"https:\/\/maldazcollection.com\/fr\/wp-json\/wp\/v2\/product_cat?post=996"},{"taxonomy":"product_tag","embeddable":true,"href":"https:\/\/maldazcollection.com\/fr\/wp-json\/wp\/v2\/product_tag?post=996"}],"curies":[{"name":"wp","href":"https:\/\/api.w.org\/{rel}","templated":true}]}}