{"id":1482,"date":"2022-05-06T12:36:04","date_gmt":"2022-05-06T10:36:04","guid":{"rendered":"https:\/\/maldazcollection.com\/?post_type=product&#038;p=1482"},"modified":"2022-08-22T09:09:51","modified_gmt":"2022-08-22T07:09:51","slug":"pagode-edition-limitee","status":"publish","type":"product","link":"https:\/\/maldazcollection.com\/fr\/nouvelle-collection\/pagode-edition-limitee\/","title":{"rendered":"Pagode <br><h3>\u00c9DITION LIMIT\u00c9E <\/h3>"},"content":{"rendered":"<div id=\"ancla\"><a name=\"tallas\"><\/a><\/div>\n<table>\n<tbody>\n<tr>\n<td style=\"text-align: center;\"><strong>S<\/strong><\/td>\n<td style=\"text-align: center;\">Buste<\/td>\n<td style=\"text-align: center;\">84-89 cm<\/td>\n<\/tr>\n<tr>\n<td style=\"text-align: center;\"><strong>M<\/strong><\/td>\n<td style=\"text-align: center;\">Buste<\/td>\n<td style=\"text-align: center;\">89-94 cm<\/td>\n<\/tr>\n<tr>\n<td style=\"text-align: center;\"><strong>L<\/strong><\/td>\n<td style=\"text-align: center;\">Buste<\/td>\n<td style=\"text-align: center;\">94-99 cm<\/td>\n<\/tr>\n<tr>\n<td style=\"text-align: center;\"><strong>XL<\/strong><\/td>\n<td style=\"text-align: center;\">Buste<\/td>\n<td style=\"text-align: center;\">99-104 cm<\/td>\n<\/tr>\n<\/tbody>\n<\/table>\n<p>&nbsp;<\/p>\n","protected":false},"excerpt":{"rendered":"<p><strong><a href=\"#tallas\">GUIDE DES TAILLES<\/a><\/strong><br \/>\n<img loading=\"lazy\" decoding=\"async\" class=\"alignnone wp-image-341\" src=\"https:\/\/maldazcollection.com\/wp-content\/uploads\/2021\/04\/limited-edition-1-150x150.png\" alt=\"\" width=\"100\" height=\"100\" srcset=\"https:\/\/maldazcollection.com\/wp-content\/uploads\/2021\/04\/limited-edition-1-150x150.png 150w, https:\/\/maldazcollection.com\/wp-content\/uploads\/2021\/04\/limited-edition-1-300x300.png 300w, https:\/\/maldazcollection.com\/wp-content\/uploads\/2021\/04\/limited-edition-1-100x100.png 100w, https:\/\/maldazcollection.com\/wp-content\/uploads\/2021\/04\/limited-edition-1.png 417w\" sizes=\"auto, (max-width: 100px) 100vw, 100px\" \/><\/p>\n<h4>\u00caTRE INSPIR\u00c9<\/h4>\n<p>Repr\u00e9sentation abstraite d&rsquo;une pagode asiatique dessin\u00e9e en coups de pinceaux \u00e0 l&rsquo;aquarelle, au-dessus du soleil levant. Cette architecture sacr\u00e9e cherchait traditionnellement un moyen de faciliter le contact avec le transcendant, l\u00e0 o\u00f9 l&rsquo;\u00eatre humain recherchait l&rsquo;\u00e9ternit\u00e9.<\/p>\n<h4>Informations g\u00e9n\u00e9rales:<\/h4>\n<ul>\n<li>\u00c9dition limit\u00e9e de 100 unit\u00e9s<\/li>\n<li>Con\u00e7u \u00e0 Madrid et fabriqu\u00e9 \u00e0 La Ribera del Duero<\/li>\n<li>Composition : 65% coton &amp; 35% polyester<\/li>\n<li>Impression : Sublimation<\/li>\n<li>Tissu effet semi-transparent l\u00e9ger et a\u00e9r\u00e9<\/li>\n<li>Col rond effet us\u00e9<\/li>\n<li>coupe asym\u00e9trique<\/li>\n<\/ul>\n<div class=\"wp-block-button\"><a class=\"wp-block-button__link has-black-color has-white-background-color has-text-color has-background\" href=\"\/cuidados-de-la-prenda\/\" target=\"_blank\" rel=\"noopener\">Entretien des v\u00eatements<\/a><\/div>\n","protected":false},"featured_media":1526,"template":"","meta":{"_editorskit_title_hidden":false,"_editorskit_reading_time":0,"_editorskit_is_block_options_detached":false,"_editorskit_block_options_position":"{}","_uag_custom_page_level_css":"","site-sidebar-layout":"default","site-content-layout":"default","ast-site-content-layout":"default","site-content-style":"default","site-sidebar-style":"default","ast-global-header-display":"","ast-banner-title-visibility":"","ast-main-header-display":"","ast-hfb-above-header-display":"","ast-hfb-below-header-display":"","ast-hfb-mobile-header-display":"","site-post-title":"","ast-breadcrumbs-content":"","ast-featured-img":"","footer-sml-layout":"","ast-disable-related-posts":"","theme-transparent-header-meta":"default","adv-header-id-meta":"","stick-header-meta":"default","header-above-stick-meta":"","header-main-stick-meta":"","header-below-stick-meta":"","astra-migrate-meta-layouts":"default","ast-page-background-enabled":"default","ast-page-background-meta":{"desktop":{"background-color":"","background-image":"","background-repeat":"repeat","background-position":"center center","background-size":"auto","background-attachment":"scroll","background-type":"","background-media":"","overlay-type":"","overlay-color":"","overlay-opacity":"","overlay-gradient":""},"tablet":{"background-color":"","background-image":"","background-repeat":"repeat","background-position":"center center","background-size":"auto","background-attachment":"scroll","background-type":"","background-media":"","overlay-type":"","overlay-color":"","overlay-opacity":"","overlay-gradient":""},"mobile":{"background-color":"","background-image":"","background-repeat":"repeat","background-position":"center center","background-size":"auto","background-attachment":"scroll","background-type":"","background-media":"","overlay-type":"","overlay-color":"","overlay-opacity":"","overlay-gradient":""}},"ast-content-background-meta":{"desktop":{"background-color":"var(--ast-global-color-5)","background-image":"","background-repeat":"repeat","background-position":"center center","background-size":"auto","background-attachment":"scroll","background-type":"","background-media":"","overlay-type":"","overlay-color":"","overlay-opacity":"","overlay-gradient":""},"tablet":{"background-color":"var(--ast-global-color-5)","background-image":"","background-repeat":"repeat","background-position":"center center","background-size":"auto","background-attachment":"scroll","background-type":"","background-media":"","overlay-type":"","overlay-color":"","overlay-opacity":"","overlay-gradient":""},"mobile":{"background-color":"var(--ast-global-color-5)","background-image":"","background-repeat":"repeat","background-position":"center center","background-size":"auto","background-attachment":"scroll","background-type":"","background-media":"","overlay-type":"","overlay-color":"","overlay-opacity":"","overlay-gradient":""}}},"product_brand":[],"product_cat":[44],"product_tag":[],"class_list":{"0":"post-1482","1":"product","2":"type-product","3":"status-publish","4":"has-post-thumbnail","6":"product_cat-nouvelle-collection","7":"desktop-align-center","8":"tablet-align-center","9":"mobile-align-center","10":"ast-product-gallery-layout-horizontal","11":"ast-magnify-disabled","12":"ast-product-single-variable","13":"ast-product-tabs-layout-horizontal","15":"first","16":"instock","17":"taxable","18":"shipping-taxable","19":"purchasable","20":"product-type-variable","21":"has-default-attributes"},"yoast_head":"<!-- This site is optimized with the Yoast SEO plugin v27.2 - https:\/\/yoast.com\/product\/yoast-seo-wordpress\/ -->\n<title>Pagode \u00c9DITION LIMIT\u00c9E  | Nouvelle collection - Maldaz Collection<\/title>\n<meta name=\"robots\" content=\"index, follow, max-snippet:-1, max-image-preview:large, max-video-preview:-1\" \/>\n<link rel=\"canonical\" href=\"https:\/\/maldazcollection.com\/fr\/nouvelle-collection\/pagode-edition-limitee\/\" \/>\n<meta property=\"og:locale\" content=\"fr_FR\" \/>\n<meta property=\"og:type\" content=\"article\" \/>\n<meta property=\"og:title\" content=\"Pagode \u00c9DITION LIMIT\u00c9E  | Nouvelle collection - Maldaz Collection\" \/>\n<meta property=\"og:description\" content=\"GUIDE DES TAILLES \u00caTRE INSPIR\u00c9 Repr\u00e9sentation abstraite d&#039;une pagode asiatique dessin\u00e9e en coups de pinceaux \u00e0 l&#039;aquarelle, au-dessus du soleil levant. Cette architecture sacr\u00e9e cherchait traditionnellement un moyen de faciliter le contact avec le transcendant, l\u00e0 o\u00f9 l&#039;\u00eatre humain recherchait l&#039;\u00e9ternit\u00e9. Informations g\u00e9n\u00e9rales:  \u00c9dition limit\u00e9e de 100 unit\u00e9s  Con\u00e7u \u00e0 Madrid et fabriqu\u00e9 \u00e0 La Ribera del Duero  Composition : 65% coton &amp; 35% polyester  Impression : Sublimation  Tissu effet semi-transparent l\u00e9ger et a\u00e9r\u00e9  Col rond effet us\u00e9  coupe asym\u00e9trique Entretien des v\u00eatements\" \/>\n<meta property=\"og:url\" content=\"https:\/\/maldazcollection.com\/fr\/nouvelle-collection\/pagode-edition-limitee\/\" \/>\n<meta property=\"og:site_name\" content=\"Maldaz Collection\" \/>\n<meta property=\"article:modified_time\" content=\"2022-08-22T07:09:51+00:00\" \/>\n<meta property=\"og:image\" content=\"https:\/\/maldazcollection.com\/wp-content\/uploads\/2022\/05\/RAFIKY-EDITADA-PAGODA-FRONTAL-JPG-1.jpg\" \/>\n\t<meta property=\"og:image:width\" content=\"800\" \/>\n\t<meta property=\"og:image:height\" content=\"1200\" \/>\n\t<meta property=\"og:image:type\" content=\"image\/jpeg\" \/>\n<meta name=\"twitter:card\" content=\"summary_large_image\" \/>\n<script type=\"application\/ld+json\" class=\"yoast-schema-graph\">{\"@context\":\"https:\/\/schema.org\",\"@graph\":[{\"@type\":\"WebPage\",\"@id\":\"https:\/\/maldazcollection.com\/fr\/nouvelle-collection\/pagode-edition-limitee\/\",\"url\":\"https:\/\/maldazcollection.com\/fr\/nouvelle-collection\/pagode-edition-limitee\/\",\"name\":\"Pagode \u00c9DITION LIMIT\u00c9E | Nouvelle collection - Maldaz Collection\",\"isPartOf\":{\"@id\":\"https:\/\/maldazcollection.com\/fr\/#website\"},\"primaryImageOfPage\":{\"@id\":\"https:\/\/maldazcollection.com\/fr\/nouvelle-collection\/pagode-edition-limitee\/#primaryimage\"},\"image\":{\"@id\":\"https:\/\/maldazcollection.com\/fr\/nouvelle-collection\/pagode-edition-limitee\/#primaryimage\"},\"thumbnailUrl\":\"https:\/\/maldazcollection.com\/wp-content\/uploads\/2022\/05\/RAFIKY-EDITADA-PAGODA-FRONTAL-JPG-1.jpg\",\"datePublished\":\"2022-05-06T10:36:04+00:00\",\"dateModified\":\"2022-08-22T07:09:51+00:00\",\"breadcrumb\":{\"@id\":\"https:\/\/maldazcollection.com\/fr\/nouvelle-collection\/pagode-edition-limitee\/#breadcrumb\"},\"inLanguage\":\"fr-FR\",\"potentialAction\":[{\"@type\":\"ReadAction\",\"target\":[\"https:\/\/maldazcollection.com\/fr\/nouvelle-collection\/pagode-edition-limitee\/\"]}]},{\"@type\":\"ImageObject\",\"inLanguage\":\"fr-FR\",\"@id\":\"https:\/\/maldazcollection.com\/fr\/nouvelle-collection\/pagode-edition-limitee\/#primaryimage\",\"url\":\"https:\/\/maldazcollection.com\/wp-content\/uploads\/2022\/05\/RAFIKY-EDITADA-PAGODA-FRONTAL-JPG-1.jpg\",\"contentUrl\":\"https:\/\/maldazcollection.com\/wp-content\/uploads\/2022\/05\/RAFIKY-EDITADA-PAGODA-FRONTAL-JPG-1.jpg\",\"width\":800,\"height\":1200},{\"@type\":\"BreadcrumbList\",\"@id\":\"https:\/\/maldazcollection.com\/fr\/nouvelle-collection\/pagode-edition-limitee\/#breadcrumb\",\"itemListElement\":[{\"@type\":\"ListItem\",\"position\":1,\"name\":\"Portada\",\"item\":\"https:\/\/maldazcollection.com\/fr\/\"},{\"@type\":\"ListItem\",\"position\":2,\"name\":\"Boutique\",\"item\":\"https:\/\/maldazcollection.com\/fr\/boutique\/\"},{\"@type\":\"ListItem\",\"position\":3,\"name\":\"Pagode \u00c9DITION LIMIT\u00c9E\"}]},{\"@type\":\"WebSite\",\"@id\":\"https:\/\/maldazcollection.com\/fr\/#website\",\"url\":\"https:\/\/maldazcollection.com\/fr\/\",\"name\":\"Maldaz Collection\",\"description\":\"Camisetas\",\"publisher\":{\"@id\":\"https:\/\/maldazcollection.com\/fr\/#organization\"},\"potentialAction\":[{\"@type\":\"SearchAction\",\"target\":{\"@type\":\"EntryPoint\",\"urlTemplate\":\"https:\/\/maldazcollection.com\/fr\/?s={search_term_string}\"},\"query-input\":{\"@type\":\"PropertyValueSpecification\",\"valueRequired\":true,\"valueName\":\"search_term_string\"}}],\"inLanguage\":\"fr-FR\"},{\"@type\":\"Organization\",\"@id\":\"https:\/\/maldazcollection.com\/fr\/#organization\",\"name\":\"Maldaz Collection\",\"url\":\"https:\/\/maldazcollection.com\/fr\/\",\"logo\":{\"@type\":\"ImageObject\",\"inLanguage\":\"fr-FR\",\"@id\":\"https:\/\/maldazcollection.com\/fr\/#\/schema\/logo\/image\/\",\"url\":\"https:\/\/maldazcollection.com\/wp-content\/uploads\/2021\/03\/cropped-logo-maldaz-nuevo-600.jpg\",\"contentUrl\":\"https:\/\/maldazcollection.com\/wp-content\/uploads\/2021\/03\/cropped-logo-maldaz-nuevo-600.jpg\",\"width\":600,\"height\":174,\"caption\":\"Maldaz Collection\"},\"image\":{\"@id\":\"https:\/\/maldazcollection.com\/fr\/#\/schema\/logo\/image\/\"}}]}<\/script>\n<!-- \/ Yoast SEO plugin. -->","yoast_head_json":{"title":"Pagode \u00c9DITION LIMIT\u00c9E  | Nouvelle collection - Maldaz Collection","robots":{"index":"index","follow":"follow","max-snippet":"max-snippet:-1","max-image-preview":"max-image-preview:large","max-video-preview":"max-video-preview:-1"},"canonical":"https:\/\/maldazcollection.com\/fr\/nouvelle-collection\/pagode-edition-limitee\/","og_locale":"fr_FR","og_type":"article","og_title":"Pagode \u00c9DITION LIMIT\u00c9E  | Nouvelle collection - Maldaz Collection","og_description":"GUIDE DES TAILLES \u00caTRE INSPIR\u00c9 Repr\u00e9sentation abstraite d'une pagode asiatique dessin\u00e9e en coups de pinceaux \u00e0 l'aquarelle, au-dessus du soleil levant. Cette architecture sacr\u00e9e cherchait traditionnellement un moyen de faciliter le contact avec le transcendant, l\u00e0 o\u00f9 l'\u00eatre humain recherchait l'\u00e9ternit\u00e9. Informations g\u00e9n\u00e9rales:  \u00c9dition limit\u00e9e de 100 unit\u00e9s  Con\u00e7u \u00e0 Madrid et fabriqu\u00e9 \u00e0 La Ribera del Duero  Composition : 65% coton &amp; 35% polyester  Impression : Sublimation  Tissu effet semi-transparent l\u00e9ger et a\u00e9r\u00e9  Col rond effet us\u00e9  coupe asym\u00e9trique Entretien des v\u00eatements","og_url":"https:\/\/maldazcollection.com\/fr\/nouvelle-collection\/pagode-edition-limitee\/","og_site_name":"Maldaz Collection","article_modified_time":"2022-08-22T07:09:51+00:00","og_image":[{"width":800,"height":1200,"url":"https:\/\/maldazcollection.com\/wp-content\/uploads\/2022\/05\/RAFIKY-EDITADA-PAGODA-FRONTAL-JPG-1.jpg","type":"image\/jpeg"}],"twitter_card":"summary_large_image","schema":{"@context":"https:\/\/schema.org","@graph":[{"@type":"WebPage","@id":"https:\/\/maldazcollection.com\/fr\/nouvelle-collection\/pagode-edition-limitee\/","url":"https:\/\/maldazcollection.com\/fr\/nouvelle-collection\/pagode-edition-limitee\/","name":"Pagode \u00c9DITION LIMIT\u00c9E | Nouvelle collection - Maldaz Collection","isPartOf":{"@id":"https:\/\/maldazcollection.com\/fr\/#website"},"primaryImageOfPage":{"@id":"https:\/\/maldazcollection.com\/fr\/nouvelle-collection\/pagode-edition-limitee\/#primaryimage"},"image":{"@id":"https:\/\/maldazcollection.com\/fr\/nouvelle-collection\/pagode-edition-limitee\/#primaryimage"},"thumbnailUrl":"https:\/\/maldazcollection.com\/wp-content\/uploads\/2022\/05\/RAFIKY-EDITADA-PAGODA-FRONTAL-JPG-1.jpg","datePublished":"2022-05-06T10:36:04+00:00","dateModified":"2022-08-22T07:09:51+00:00","breadcrumb":{"@id":"https:\/\/maldazcollection.com\/fr\/nouvelle-collection\/pagode-edition-limitee\/#breadcrumb"},"inLanguage":"fr-FR","potentialAction":[{"@type":"ReadAction","target":["https:\/\/maldazcollection.com\/fr\/nouvelle-collection\/pagode-edition-limitee\/"]}]},{"@type":"ImageObject","inLanguage":"fr-FR","@id":"https:\/\/maldazcollection.com\/fr\/nouvelle-collection\/pagode-edition-limitee\/#primaryimage","url":"https:\/\/maldazcollection.com\/wp-content\/uploads\/2022\/05\/RAFIKY-EDITADA-PAGODA-FRONTAL-JPG-1.jpg","contentUrl":"https:\/\/maldazcollection.com\/wp-content\/uploads\/2022\/05\/RAFIKY-EDITADA-PAGODA-FRONTAL-JPG-1.jpg","width":800,"height":1200},{"@type":"BreadcrumbList","@id":"https:\/\/maldazcollection.com\/fr\/nouvelle-collection\/pagode-edition-limitee\/#breadcrumb","itemListElement":[{"@type":"ListItem","position":1,"name":"Portada","item":"https:\/\/maldazcollection.com\/fr\/"},{"@type":"ListItem","position":2,"name":"Boutique","item":"https:\/\/maldazcollection.com\/fr\/boutique\/"},{"@type":"ListItem","position":3,"name":"Pagode \u00c9DITION LIMIT\u00c9E"}]},{"@type":"WebSite","@id":"https:\/\/maldazcollection.com\/fr\/#website","url":"https:\/\/maldazcollection.com\/fr\/","name":"Maldaz Collection","description":"Camisetas","publisher":{"@id":"https:\/\/maldazcollection.com\/fr\/#organization"},"potentialAction":[{"@type":"SearchAction","target":{"@type":"EntryPoint","urlTemplate":"https:\/\/maldazcollection.com\/fr\/?s={search_term_string}"},"query-input":{"@type":"PropertyValueSpecification","valueRequired":true,"valueName":"search_term_string"}}],"inLanguage":"fr-FR"},{"@type":"Organization","@id":"https:\/\/maldazcollection.com\/fr\/#organization","name":"Maldaz Collection","url":"https:\/\/maldazcollection.com\/fr\/","logo":{"@type":"ImageObject","inLanguage":"fr-FR","@id":"https:\/\/maldazcollection.com\/fr\/#\/schema\/logo\/image\/","url":"https:\/\/maldazcollection.com\/wp-content\/uploads\/2021\/03\/cropped-logo-maldaz-nuevo-600.jpg","contentUrl":"https:\/\/maldazcollection.com\/wp-content\/uploads\/2021\/03\/cropped-logo-maldaz-nuevo-600.jpg","width":600,"height":174,"caption":"Maldaz Collection"},"image":{"@id":"https:\/\/maldazcollection.com\/fr\/#\/schema\/logo\/image\/"}}]}},"uagb_featured_image_src":{"full":["https:\/\/maldazcollection.com\/wp-content\/uploads\/2022\/05\/RAFIKY-EDITADA-PAGODA-FRONTAL-JPG-1.jpg",800,1200,false],"thumbnail":["https:\/\/maldazcollection.com\/wp-content\/uploads\/2022\/05\/RAFIKY-EDITADA-PAGODA-FRONTAL-JPG-1-150x150.jpg",150,150,true],"medium":["https:\/\/maldazcollection.com\/wp-content\/uploads\/2022\/05\/RAFIKY-EDITADA-PAGODA-FRONTAL-JPG-1-200x300.jpg",200,300,true],"medium_large":["https:\/\/maldazcollection.com\/wp-content\/uploads\/2022\/05\/RAFIKY-EDITADA-PAGODA-FRONTAL-JPG-1-768x1152.jpg",768,1152,true],"large":["https:\/\/maldazcollection.com\/wp-content\/uploads\/2022\/05\/RAFIKY-EDITADA-PAGODA-FRONTAL-JPG-1-683x1024.jpg",683,1024,true],"1536x1536":["https:\/\/maldazcollection.com\/wp-content\/uploads\/2022\/05\/RAFIKY-EDITADA-PAGODA-FRONTAL-JPG-1.jpg",800,1200,false],"2048x2048":["https:\/\/maldazcollection.com\/wp-content\/uploads\/2022\/05\/RAFIKY-EDITADA-PAGODA-FRONTAL-JPG-1.jpg",800,1200,false],"woocommerce_thumbnail":["https:\/\/maldazcollection.com\/wp-content\/uploads\/2022\/05\/RAFIKY-EDITADA-PAGODA-FRONTAL-JPG-1-300x450.jpg",300,450,true],"woocommerce_single":["https:\/\/maldazcollection.com\/wp-content\/uploads\/2022\/05\/RAFIKY-EDITADA-PAGODA-FRONTAL-JPG-1-600x900.jpg",600,900,true],"woocommerce_gallery_thumbnail":["https:\/\/maldazcollection.com\/wp-content\/uploads\/2022\/05\/RAFIKY-EDITADA-PAGODA-FRONTAL-JPG-1-100x100.jpg",100,100,true]},"uagb_author_info":{"display_name":"empiezapori","author_link":"https:\/\/maldazcollection.com\/fr\/author\/"},"uagb_comment_info":0,"uagb_excerpt":"GUIDE DES TAILLES \u00caTRE INSPIR\u00c9 Repr\u00e9sentation abstraite d'une pagode asiatique dessin\u00e9e en coups de pinceaux \u00e0 l'aquarelle, au-dessus du soleil levant. Cette architecture sacr\u00e9e cherchait traditionnellement un moyen de faciliter le contact avec le transcendant, l\u00e0 o\u00f9 l'\u00eatre humain recherchait l'\u00e9ternit\u00e9. Informations g\u00e9n\u00e9rales: \u00c9dition limit\u00e9e de 100 unit\u00e9s Con\u00e7u \u00e0 Madrid et fabriqu\u00e9 \u00e0 La\u2026","_links":{"self":[{"href":"https:\/\/maldazcollection.com\/fr\/wp-json\/wp\/v2\/product\/1482","targetHints":{"allow":["GET"]}}],"collection":[{"href":"https:\/\/maldazcollection.com\/fr\/wp-json\/wp\/v2\/product"}],"about":[{"href":"https:\/\/maldazcollection.com\/fr\/wp-json\/wp\/v2\/types\/product"}],"wp:featuredmedia":[{"embeddable":true,"href":"https:\/\/maldazcollection.com\/fr\/wp-json\/wp\/v2\/media\/1526"}],"wp:attachment":[{"href":"https:\/\/maldazcollection.com\/fr\/wp-json\/wp\/v2\/media?parent=1482"}],"wp:term":[{"taxonomy":"product_brand","embeddable":true,"href":"https:\/\/maldazcollection.com\/fr\/wp-json\/wp\/v2\/product_brand?post=1482"},{"taxonomy":"product_cat","embeddable":true,"href":"https:\/\/maldazcollection.com\/fr\/wp-json\/wp\/v2\/product_cat?post=1482"},{"taxonomy":"product_tag","embeddable":true,"href":"https:\/\/maldazcollection.com\/fr\/wp-json\/wp\/v2\/product_tag?post=1482"}],"curies":[{"name":"wp","href":"https:\/\/api.w.org\/{rel}","templated":true}]}}