{"id":976,"date":"2021-03-23T08:39:07","date_gmt":"2021-03-23T07:39:07","guid":{"rendered":"https:\/\/maldazcollection.com\/termes-et-conditions\/"},"modified":"2025-04-15T15:23:29","modified_gmt":"2025-04-15T13:23:29","slug":"termes-et-conditions","status":"publish","type":"page","link":"https:\/\/maldazcollection.com\/fr\/termes-et-conditions\/","title":{"rendered":"Termes et conditions"},"content":{"rendered":"\n<h3 class=\"wp-block-heading\">INTRODUCTION<\/h3>\n\n\n\n<p>Nous vous souhaitons la bienvenue sur notre site internet : www.maldazcollection.com. Ce document contient les conditions qui r\u00e9gissent l&rsquo;utilisation de ce site Web et le contrat qui vous lie \u00e0 nous. Ces conditions s&rsquo;appliquent, d&rsquo;une part, \u00e0 Daniel Magaz Aguado avec le DNI 11849730 et, d&rsquo;autre part, \u00e0 la ou aux personnes qui souhaitent acheter un produit\/service sur le site Web.<br>Le site www.maldazcollection.com se r\u00e9serve le droit de revoir et de modifier \u00e0 tout moment les pr\u00e9sentes conditions, vous devez donc les lire avant de passer chaque commande.<\/p>\n\n\n\n<h3 class=\"wp-block-heading\">SERVICE CLIENTS<\/h3>\n\n\n\n<p>Si vous avez des doutes ou des questions, ou souhaitez recevoir plus d&rsquo;informations sur nos services et\/ou produits, vous avez un e-mail \u00e0 votre disposition : maldazcollection@gmail.com<\/p>\n\n\n\n<h3 class=\"wp-block-heading\">L&rsquo;ORDRE<\/h3>\n\n\n\n<p>Toute commande suppose l&rsquo;acceptation des prix et de la description des produits. Les commandes sont soumises \u00e0 leur disponibilit\u00e9 et, en ce sens, s&rsquo;il n&rsquo;y a pas d&rsquo;articles en stock ou si l&rsquo;article n&rsquo;est plus disponible, vous en serez inform\u00e9 d\u00e8s que possible et nous vous offrirons la possibilit\u00e9 de modifier la commande ou de l&rsquo;annuler. et demander le remboursement du montant \u00e9ventuellement pay\u00e9.<br>Pour passer une commande, vous devez suivre la proc\u00e9dure d&rsquo;achat en ligne.<br>Le site www.maldazcollection.com se r\u00e9serve le droit d&rsquo;annuler toute commande s&rsquo;il constate une anomalie dans la demande ou si les donn\u00e9es du client ne sont pas correctement renseign\u00e9es.<\/p>\n\n\n\n<h3 class=\"wp-block-heading\">PRIX ET PAIEMENT<\/h3>\n\n\n\n<p>Les prix indiqu\u00e9s sur le site sont en Euros (\u20ac) et incluent la TVA, mais excluent les frais de port qui s&rsquo;ajouteront, le cas \u00e9ch\u00e9ant, au montant total d\u00fb, selon l&rsquo;article et le lieu de livraison. <strong>Toute exp\u00e9dition en dehors de l&rsquo;Union europ\u00e9enne peut entra\u00eener des frais de douane, qui doivent \u00eatre pay\u00e9s par le client. <\/strong><br>Les frais de port sont calcul\u00e9s automatiquement dans la boutique en ligne. Pour toute question que vous pourriez avoir \u00e0 ce sujet, vous pouvez nous contacter en envoyant un e-mail \u00e0 maldazcollection@gmail.com<br>Les prix peuvent changer \u00e0 tout moment, mais d&rsquo;\u00e9ventuelles modifications n&rsquo;affecteront pas les commandes d\u00e9j\u00e0 confirm\u00e9es.<br>Toutes les commandes doivent \u00eatre r\u00e9gl\u00e9es exclusivement en euros et par carte de cr\u00e9dit, carte de d\u00e9bit ou PayPal. La s\u00e9curit\u00e9 est garantie dans tous les paiements.<\/p>\n\n\n\n<h3 class=\"wp-block-heading\">LIVRAISON<\/h3>\n\n\n\n<p>Les commandes seront livr\u00e9es \u00e0 l&rsquo;adresse indiqu\u00e9e par le client, en fonction du lieu de livraison du client.<br>Les soci\u00e9t\u00e9s de transport sont externes \u00e0 maldazcollection.com, nous les engageons pour le service de livraison, pour cette raison nous ne sommes pas responsables des retards ou complications pouvant survenir lors de la livraison. Les retards \u00e9ventuels dans la livraison d&rsquo;une commande, ne justifieront en aucun cas, les demandes de dommages et int\u00e9r\u00eats, pr\u00e9sents ou futurs, directs ou indirects.<\/p>\n\n\n\n<h2 class=\"wp-block-heading\">POLITIQUE DE RETOUR<\/h2>\n\n\n\n<ol class=\"wp-block-list\">\n<li>Vous disposerez de 15 jours pour toute modification ou retour* \u00e0 compter de la r\u00e9ception de la commande. Pour cela vous devez nous envoyer un email \u00e0 <a href=\"mailto:maldazcollection@gmail.com\">maldazcollection@gmail.com<\/a> . Une fois que nous aurons re\u00e7u votre demande, nous vous contacterons personnellement et traiterons l&rsquo;\u00e9change ou le retour.<\/li>\n<\/ol>\n\n\n\n<ol start=\"2\" class=\"wp-block-list\">\n<li>Pour effectuer une modification ou un retour, les produits doivent \u00eatre en parfait \u00e9tat avec leur emballage et \u00e9tiquetage d&rsquo;origine, nous n&rsquo;acceptons pas les produits avec des taches de maquillage ou usag\u00e9s.<\/li>\n<\/ol>\n\n\n\n<ol start=\"3\" class=\"wp-block-list\">\n<li>Il est possible de faire des changements de taille ou d&rsquo;un produit \u00e0 l&rsquo;autre tant qu&rsquo;il y a du stock du produit d\u00e9sir\u00e9.<\/li>\n<\/ol>\n\n\n\n<ol start=\"4\" class=\"wp-block-list\">\n<li>Les frais de port pour tout \u00e9change ou retour sont \u00e0 notre charge. Une fois que vous nous aurez contact\u00e9, nous vous enverrons les \u00e9tapes \u00e0 suivre pour retourner le produit.<\/li>\n<\/ol>\n\n\n\n<ol start=\"5\" class=\"wp-block-list\">\n<li>Une fois que nous le recevons dans notre entrep\u00f4t, nous le r\u00e9viserons dans les 48 heures ouvrables, si tout est correct, en cas de changement, nous proc\u00e9derons \u00e0 l&rsquo;envoi du nouveau produit ou de la nouvelle taille \u00e0 la m\u00eame adresse que vous nous avez fournie lors de la commande ou \u00e0 une autre que vous nous avez indiqu\u00e9e ult\u00e9rieurement tant qu&rsquo;elle se trouve dans l&rsquo;UE, les frais du nouvel envoi sont \u00e0 notre charge.<\/li>\n<\/ol>\n\n\n\n<ol start=\"6\" class=\"wp-block-list\">\n<li>En cas de retour, nous proc\u00e9derons au remboursement du montant de l&rsquo;article selon le mode de paiement effectu\u00e9 dans un d\u00e9lai maximum de 15 jours. Nous ne recevrons en aucun cas les colis en port d\u00fb.<\/li>\n<\/ol>\n\n\n\n<p>Si vous avez des questions vous pouvez nous contacter par mail : maldazcollection@gmail.com<\/p>\n\n\n\n<div style=\"height:100px\" aria-hidden=\"true\" class=\"wp-block-spacer\"><\/div>\n","protected":false},"excerpt":{"rendered":"<p>INTRODUCTION Nous vous souhaitons la bienvenue sur notre site internet : www.maldazcollection.com. Ce document contient les conditions qui r\u00e9gissent l&rsquo;utilisation de ce site Web et le contrat qui vous lie \u00e0 nous. Ces conditions s&rsquo;appliquent, d&rsquo;une part, \u00e0 Daniel Magaz Aguado avec le DNI 11849730 et, d&rsquo;autre part, \u00e0 la ou aux personnes qui souhaitent [&hellip;]<\/p>\n","protected":false},"author":1,"featured_media":0,"parent":0,"menu_order":0,"comment_status":"closed","ping_status":"closed","template":"","meta":{"_editorskit_title_hidden":false,"_editorskit_reading_time":0,"_editorskit_is_block_options_detached":false,"_editorskit_block_options_position":"{}","_uag_custom_page_level_css":"","site-sidebar-layout":"default","site-content-layout":"content-boxed-container","ast-site-content-layout":"normal-width-container","site-content-style":"boxed","site-sidebar-style":"unboxed","ast-global-header-display":"","ast-banner-title-visibility":"","ast-main-header-display":"","ast-hfb-above-header-display":"","ast-hfb-below-header-display":"","ast-hfb-mobile-header-display":"","site-post-title":"","ast-breadcrumbs-content":"","ast-featured-img":"","footer-sml-layout":"","ast-disable-related-posts":"","theme-transparent-header-meta":"default","adv-header-id-meta":"","stick-header-meta":"default","header-above-stick-meta":"","header-main-stick-meta":"","header-below-stick-meta":"","astra-migrate-meta-layouts":"set","ast-page-background-enabled":"default","ast-page-background-meta":{"desktop":{"background-color":"","background-image":"","background-repeat":"repeat","background-position":"center center","background-size":"auto","background-attachment":"scroll","background-type":"","background-media":"","overlay-type":"","overlay-color":"","overlay-opacity":"","overlay-gradient":""},"tablet":{"background-color":"","background-image":"","background-repeat":"repeat","background-position":"center center","background-size":"auto","background-attachment":"scroll","background-type":"","background-media":"","overlay-type":"","overlay-color":"","overlay-opacity":"","overlay-gradient":""},"mobile":{"background-color":"","background-image":"","background-repeat":"repeat","background-position":"center center","background-size":"auto","background-attachment":"scroll","background-type":"","background-media":"","overlay-type":"","overlay-color":"","overlay-opacity":"","overlay-gradient":""}},"ast-content-background-meta":{"desktop":{"background-color":"var(--ast-global-color-5)","background-image":"","background-repeat":"repeat","background-position":"center center","background-size":"auto","background-attachment":"scroll","background-type":"","background-media":"","overlay-type":"","overlay-color":"","overlay-opacity":"","overlay-gradient":""},"tablet":{"background-color":"var(--ast-global-color-5)","background-image":"","background-repeat":"repeat","background-position":"center center","background-size":"auto","background-attachment":"scroll","background-type":"","background-media":"","overlay-type":"","overlay-color":"","overlay-opacity":"","overlay-gradient":""},"mobile":{"background-color":"var(--ast-global-color-5)","background-image":"","background-repeat":"repeat","background-position":"center center","background-size":"auto","background-attachment":"scroll","background-type":"","background-media":"","overlay-type":"","overlay-color":"","overlay-opacity":"","overlay-gradient":""}},"footnotes":""},"class_list":["post-976","page","type-page","status-publish","hentry"],"yoast_head":"<!-- This site is optimized with the Yoast SEO plugin v27.2 - https:\/\/yoast.com\/product\/yoast-seo-wordpress\/ -->\n<title>Termes et conditions - Maldaz Collection<\/title>\n<meta name=\"robots\" content=\"index, follow, max-snippet:-1, max-image-preview:large, max-video-preview:-1\" \/>\n<link rel=\"canonical\" href=\"https:\/\/maldazcollection.com\/fr\/termes-et-conditions\/\" \/>\n<meta property=\"og:locale\" content=\"fr_FR\" \/>\n<meta property=\"og:type\" content=\"article\" \/>\n<meta property=\"og:title\" content=\"Termes et conditions - Maldaz Collection\" \/>\n<meta property=\"og:description\" content=\"INTRODUCTION Nous vous souhaitons la bienvenue sur notre site internet : www.maldazcollection.com. Ce document contient les conditions qui r\u00e9gissent l&rsquo;utilisation de ce site Web et le contrat qui vous lie \u00e0 nous. Ces conditions s&rsquo;appliquent, d&rsquo;une part, \u00e0 Daniel Magaz Aguado avec le DNI 11849730 et, d&rsquo;autre part, \u00e0 la ou aux personnes qui souhaitent [&hellip;]\" \/>\n<meta property=\"og:url\" content=\"https:\/\/maldazcollection.com\/fr\/termes-et-conditions\/\" \/>\n<meta property=\"og:site_name\" content=\"Maldaz Collection\" \/>\n<meta property=\"article:modified_time\" content=\"2025-04-15T13:23:29+00:00\" \/>\n<meta name=\"twitter:card\" content=\"summary_large_image\" \/>\n<meta name=\"twitter:label1\" content=\"Dur\u00e9e de lecture estim\u00e9e\" \/>\n\t<meta name=\"twitter:data1\" content=\"4 minutes\" \/>\n<script type=\"application\/ld+json\" class=\"yoast-schema-graph\">{\"@context\":\"https:\/\/schema.org\",\"@graph\":[{\"@type\":\"WebPage\",\"@id\":\"https:\/\/maldazcollection.com\/fr\/termes-et-conditions\/\",\"url\":\"https:\/\/maldazcollection.com\/fr\/termes-et-conditions\/\",\"name\":\"Termes et conditions - Maldaz Collection\",\"isPartOf\":{\"@id\":\"https:\/\/maldazcollection.com\/fr\/#website\"},\"datePublished\":\"2021-03-23T07:39:07+00:00\",\"dateModified\":\"2025-04-15T13:23:29+00:00\",\"breadcrumb\":{\"@id\":\"https:\/\/maldazcollection.com\/fr\/termes-et-conditions\/#breadcrumb\"},\"inLanguage\":\"fr-FR\",\"potentialAction\":[{\"@type\":\"ReadAction\",\"target\":[\"https:\/\/maldazcollection.com\/fr\/termes-et-conditions\/\"]}]},{\"@type\":\"BreadcrumbList\",\"@id\":\"https:\/\/maldazcollection.com\/fr\/termes-et-conditions\/#breadcrumb\",\"itemListElement\":[{\"@type\":\"ListItem\",\"position\":1,\"name\":\"Portada\",\"item\":\"https:\/\/maldazcollection.com\/fr\/\"},{\"@type\":\"ListItem\",\"position\":2,\"name\":\"Termes et conditions\"}]},{\"@type\":\"WebSite\",\"@id\":\"https:\/\/maldazcollection.com\/fr\/#website\",\"url\":\"https:\/\/maldazcollection.com\/fr\/\",\"name\":\"Maldaz Collection\",\"description\":\"Camisetas\",\"publisher\":{\"@id\":\"https:\/\/maldazcollection.com\/fr\/#organization\"},\"potentialAction\":[{\"@type\":\"SearchAction\",\"target\":{\"@type\":\"EntryPoint\",\"urlTemplate\":\"https:\/\/maldazcollection.com\/fr\/?s={search_term_string}\"},\"query-input\":{\"@type\":\"PropertyValueSpecification\",\"valueRequired\":true,\"valueName\":\"search_term_string\"}}],\"inLanguage\":\"fr-FR\"},{\"@type\":\"Organization\",\"@id\":\"https:\/\/maldazcollection.com\/fr\/#organization\",\"name\":\"Maldaz Collection\",\"url\":\"https:\/\/maldazcollection.com\/fr\/\",\"logo\":{\"@type\":\"ImageObject\",\"inLanguage\":\"fr-FR\",\"@id\":\"https:\/\/maldazcollection.com\/fr\/#\/schema\/logo\/image\/\",\"url\":\"https:\/\/maldazcollection.com\/wp-content\/uploads\/2021\/03\/cropped-logo-maldaz-nuevo-600.jpg\",\"contentUrl\":\"https:\/\/maldazcollection.com\/wp-content\/uploads\/2021\/03\/cropped-logo-maldaz-nuevo-600.jpg\",\"width\":600,\"height\":174,\"caption\":\"Maldaz Collection\"},\"image\":{\"@id\":\"https:\/\/maldazcollection.com\/fr\/#\/schema\/logo\/image\/\"}}]}<\/script>\n<!-- \/ Yoast SEO plugin. -->","yoast_head_json":{"title":"Termes et conditions - Maldaz Collection","robots":{"index":"index","follow":"follow","max-snippet":"max-snippet:-1","max-image-preview":"max-image-preview:large","max-video-preview":"max-video-preview:-1"},"canonical":"https:\/\/maldazcollection.com\/fr\/termes-et-conditions\/","og_locale":"fr_FR","og_type":"article","og_title":"Termes et conditions - Maldaz Collection","og_description":"INTRODUCTION Nous vous souhaitons la bienvenue sur notre site internet : www.maldazcollection.com. Ce document contient les conditions qui r\u00e9gissent l&rsquo;utilisation de ce site Web et le contrat qui vous lie \u00e0 nous. Ces conditions s&rsquo;appliquent, d&rsquo;une part, \u00e0 Daniel Magaz Aguado avec le DNI 11849730 et, d&rsquo;autre part, \u00e0 la ou aux personnes qui souhaitent [&hellip;]","og_url":"https:\/\/maldazcollection.com\/fr\/termes-et-conditions\/","og_site_name":"Maldaz Collection","article_modified_time":"2025-04-15T13:23:29+00:00","twitter_card":"summary_large_image","twitter_misc":{"Dur\u00e9e de lecture estim\u00e9e":"4 minutes"},"schema":{"@context":"https:\/\/schema.org","@graph":[{"@type":"WebPage","@id":"https:\/\/maldazcollection.com\/fr\/termes-et-conditions\/","url":"https:\/\/maldazcollection.com\/fr\/termes-et-conditions\/","name":"Termes et conditions - Maldaz Collection","isPartOf":{"@id":"https:\/\/maldazcollection.com\/fr\/#website"},"datePublished":"2021-03-23T07:39:07+00:00","dateModified":"2025-04-15T13:23:29+00:00","breadcrumb":{"@id":"https:\/\/maldazcollection.com\/fr\/termes-et-conditions\/#breadcrumb"},"inLanguage":"fr-FR","potentialAction":[{"@type":"ReadAction","target":["https:\/\/maldazcollection.com\/fr\/termes-et-conditions\/"]}]},{"@type":"BreadcrumbList","@id":"https:\/\/maldazcollection.com\/fr\/termes-et-conditions\/#breadcrumb","itemListElement":[{"@type":"ListItem","position":1,"name":"Portada","item":"https:\/\/maldazcollection.com\/fr\/"},{"@type":"ListItem","position":2,"name":"Termes et conditions"}]},{"@type":"WebSite","@id":"https:\/\/maldazcollection.com\/fr\/#website","url":"https:\/\/maldazcollection.com\/fr\/","name":"Maldaz Collection","description":"Camisetas","publisher":{"@id":"https:\/\/maldazcollection.com\/fr\/#organization"},"potentialAction":[{"@type":"SearchAction","target":{"@type":"EntryPoint","urlTemplate":"https:\/\/maldazcollection.com\/fr\/?s={search_term_string}"},"query-input":{"@type":"PropertyValueSpecification","valueRequired":true,"valueName":"search_term_string"}}],"inLanguage":"fr-FR"},{"@type":"Organization","@id":"https:\/\/maldazcollection.com\/fr\/#organization","name":"Maldaz Collection","url":"https:\/\/maldazcollection.com\/fr\/","logo":{"@type":"ImageObject","inLanguage":"fr-FR","@id":"https:\/\/maldazcollection.com\/fr\/#\/schema\/logo\/image\/","url":"https:\/\/maldazcollection.com\/wp-content\/uploads\/2021\/03\/cropped-logo-maldaz-nuevo-600.jpg","contentUrl":"https:\/\/maldazcollection.com\/wp-content\/uploads\/2021\/03\/cropped-logo-maldaz-nuevo-600.jpg","width":600,"height":174,"caption":"Maldaz Collection"},"image":{"@id":"https:\/\/maldazcollection.com\/fr\/#\/schema\/logo\/image\/"}}]}},"uagb_featured_image_src":{"full":false,"thumbnail":false,"medium":false,"medium_large":false,"large":false,"1536x1536":false,"2048x2048":false,"woocommerce_thumbnail":false,"woocommerce_single":false,"woocommerce_gallery_thumbnail":false},"uagb_author_info":{"display_name":"empiezapori","author_link":"https:\/\/maldazcollection.com\/fr\/author\/empiezapori\/"},"uagb_comment_info":0,"uagb_excerpt":"INTRODUCTION Nous vous souhaitons la bienvenue sur notre site internet : www.maldazcollection.com. Ce document contient les conditions qui r\u00e9gissent l&rsquo;utilisation de ce site Web et le contrat qui vous lie \u00e0 nous. Ces conditions s&rsquo;appliquent, d&rsquo;une part, \u00e0 Daniel Magaz Aguado avec le DNI 11849730 et, d&rsquo;autre part, \u00e0 la ou aux personnes qui souhaitent\u2026","_links":{"self":[{"href":"https:\/\/maldazcollection.com\/fr\/wp-json\/wp\/v2\/pages\/976","targetHints":{"allow":["GET"]}}],"collection":[{"href":"https:\/\/maldazcollection.com\/fr\/wp-json\/wp\/v2\/pages"}],"about":[{"href":"https:\/\/maldazcollection.com\/fr\/wp-json\/wp\/v2\/types\/page"}],"author":[{"embeddable":true,"href":"https:\/\/maldazcollection.com\/fr\/wp-json\/wp\/v2\/users\/1"}],"replies":[{"embeddable":true,"href":"https:\/\/maldazcollection.com\/fr\/wp-json\/wp\/v2\/comments?post=976"}],"version-history":[{"count":4,"href":"https:\/\/maldazcollection.com\/fr\/wp-json\/wp\/v2\/pages\/976\/revisions"}],"predecessor-version":[{"id":2175,"href":"https:\/\/maldazcollection.com\/fr\/wp-json\/wp\/v2\/pages\/976\/revisions\/2175"}],"wp:attachment":[{"href":"https:\/\/maldazcollection.com\/fr\/wp-json\/wp\/v2\/media?parent=976"}],"curies":[{"name":"wp","href":"https:\/\/api.w.org\/{rel}","templated":true}]}}