{"id":961,"date":"2021-03-23T08:42:49","date_gmt":"2021-03-23T07:42:49","guid":{"rendered":"https:\/\/maldazcollection.com\/questions-frequentes\/"},"modified":"2022-03-02T11:00:44","modified_gmt":"2022-03-02T10:00:44","slug":"questions-frequentes","status":"publish","type":"page","link":"https:\/\/maldazcollection.com\/fr\/questions-frequentes\/","title":{"rendered":"Questions fr\u00e9quentes"},"content":{"rendered":"\n<p><strong>1. Dois-je m&rsquo;inscrire sur le web pour effectuer un achat dans Maldaz Collection ?<\/strong><br\/>Nous n&rsquo;avons pas besoin de vous inscrire pour faire des achats, vous pouvez acheter le produit que vous voulez<br\/>sur le web de mani\u00e8re simple et s\u00e9curis\u00e9e.<\/p>\n\n<p><strong>2. J&rsquo;ai un article dans mon panier, cela signifie-t-il que je l&rsquo;ai r\u00e9serv\u00e9 ?<\/strong><br\/>Les produits ne sont r\u00e9serv\u00e9s qu&rsquo;au moment du paiement. Nous vous recommandons de finaliser votre achat apr\u00e8s avoir ajout\u00e9 les produits \u00e0 votre panier pour vous assurer que votre taille ne soit pas \u00e9puis\u00e9e.<\/p>\n\n<p><strong>3. Les prix des articles incluent-ils la TVA ?<\/strong><br\/>Oui, tous nos produits pr\u00e9sent\u00e9s sur le site Web ont 21% inclus.<\/p>\n\n<p><strong>4. Comment puis-je m&rsquo;assurer que j&rsquo;ai fait le bon achat ?<\/strong><br\/>Une fois que vous avez pass\u00e9 votre commande et entr\u00e9 vos informations d&rsquo;exp\u00e9dition et votre mode de paiement, vous recevrez un e-mail de confirmation. Si vous ne le recevez pas, assurez-vous qu&rsquo;il ne se trouve pas dans la rubrique \u00ab\u00a0spam\u00a0\u00bb, si vous ne l&rsquo;y avez pas non plus, contactez-nous par mail maldazcollection@gmail.com.<\/p>\n\n<p><strong>5. Quelles sont les options de paiement disponibles ?<\/strong><br\/>Nous acceptons les cartes de d\u00e9bit, de cr\u00e9dit et Paypal.<\/p>\n\n<p><strong>6. Le paiement en ligne est-il s\u00e9curis\u00e9 ?<\/strong><br\/>Vous pouvez effectuer vos achats sans aucun probl\u00e8me avec la garantie d&rsquo;une s\u00e9curit\u00e9 maximale. Vos coordonn\u00e9es bancaires seront transmises \u00e0 notre serveur sous forme crypt\u00e9e gr\u00e2ce au protocole SSL (Secure Socket Layer) et seront transmises \u00e0 notre banque dans un environnement totalement s\u00e9curis\u00e9. Nous n&rsquo;enregistrons \u00e0 aucun moment ces donn\u00e9es.<\/p>\n\n<p><strong>7. J&rsquo;ai un code de r\u00e9duction. Comment l&rsquo;utiliser ?<\/strong><br\/>Tr\u00e8s simple, vous pouvez l&rsquo;ajouter avant de finaliser la commande et v\u00e9rifier si la r\u00e9duction a \u00e9t\u00e9 appliqu\u00e9e avant de finaliser l&rsquo;achat et choisir le mode de paiement.<\/p>\n\n<p><strong>8. Pourquoi mon code de r\u00e9duction ne fonctionne-t-il pas ?<\/strong><br\/>V\u00e9rifiez que vous avez entr\u00e9 le code exactement comme indiqu\u00e9 dans la promotion (majuscules, minuscules, etc.). Consultez \u00e9galement les termes et conditions concernant la date d&rsquo;expiration et les r\u00e8gles d&rsquo;utilisation du code.<\/p>\n\n<p>Si vous avez encore des probl\u00e8mes pour l&rsquo;appliquer, contactez-nous par email.<\/p>\n\n<p><strong>9. O\u00f9 est ma commande ?<\/strong><br\/>Le d\u00e9lai de livraison estim\u00e9 pour les envois nationaux est de 3 \u00e0 5 jours ouvrables \u00e0 compter de la date d&rsquo;achat. D\u00e8s que la commande quitte notre entrep\u00f4t, vous recevrez un e-mail avec le num\u00e9ro de suivi afin que vous puissiez savoir o\u00f9 elle se trouve \u00e0 tout moment.<\/p>\n\n<p>Pour les commandes internationales, nous vous informerons du d\u00e9lai de livraison une fois que vous aurez effectu\u00e9 l&rsquo;achat en fonction du pays de destination. Vous recevrez \u00e9galement un num\u00e9ro de suivi afin que vous puissiez localiser votre commande \u00e0 tout moment.<\/p>\n\n<p><strong>10. Dois-je payer les frais de port des achats effectu\u00e9s ?<\/strong><br\/>Nos commandes incluent la livraison gratuite dans tout le pays, y compris les \u00eeles Canaries, les \u00eeles Bal\u00e9ares, Ceuta et Melilla.<\/p>\n\n<p><strong>11. Comment puis-je traiter un \u00e9change ou un retour ?<\/strong><br\/>Vous pouvez consulter notre politique de retour en bas de page dans la page d&rsquo;accueil de notre site www.maldazcollection.com<\/p>\n\n<p><strong>12. Je n&rsquo;\u00e9tais pas chez moi lorsque ma commande est arriv\u00e9e, que puis-je faire ?<\/strong><br\/>Dans le cas o\u00f9 la soci\u00e9t\u00e9 de transport ne peut pas livrer votre colis parce que vous n&rsquo;\u00e9tiez pas chez vous, le coursier vous contactera pour programmer une deuxi\u00e8me livraison.<\/p>\n\n<p><strong>13. Remplacez-vous les produits \u00e9puis\u00e9s ?<\/strong><br\/>Nos t-shirts sont des \u00e9ditions limit\u00e9es de 100 unit\u00e9s par mod\u00e8le. Dans le cas o\u00f9 notre site Web indique que le produit est en rupture de stock, nous ne le r\u00e9\u00e9ditons pas.<\/p>\n\n<p><strong>14. Comment puis-je laver les v\u00eatements ?<\/strong><br\/>Nous recommandons toujours de les laver \u00e0 l&rsquo;eau froide ou pas plus de 30\u00ba et \u00e0 l&rsquo;envers. Nous vous recommandons \u00e9galement d&rsquo;utiliser des d\u00e9tergents pour v\u00eatements d\u00e9licats sans javel, adapt\u00e9s \u00e0 la couleur de chaque v\u00eatement. Sur l&rsquo;\u00e9tiquette int\u00e9rieure, vous pouvez toujours v\u00e9rifier les sp\u00e9cifications de lavage et d&rsquo;entretien.<\/p>\n\n<p><strong>15. Comment puis-je vous contacter ?<\/strong><br\/>Vous pouvez le faire par mail maldazcollection@gmail.com. Nous r\u00e9pondons normalement dans un d\u00e9lai maximum de 24 heures.<\/p>\n\n<div style=\"height:100px\" aria-hidden=\"true\" class=\"wp-block-spacer\"><\/div>\n","protected":false},"excerpt":{"rendered":"<p>1. Dois-je m&rsquo;inscrire sur le web pour effectuer un achat dans Maldaz Collection ?Nous n&rsquo;avons pas besoin de vous inscrire pour faire des achats, vous pouvez acheter le produit que vous voulezsur le web de mani\u00e8re simple et s\u00e9curis\u00e9e. 2. J&rsquo;ai un article dans mon panier, cela signifie-t-il que je l&rsquo;ai r\u00e9serv\u00e9 ?Les produits ne [&hellip;]<\/p>\n","protected":false},"author":1,"featured_media":0,"parent":0,"menu_order":0,"comment_status":"closed","ping_status":"closed","template":"","meta":{"_editorskit_title_hidden":false,"_editorskit_reading_time":0,"_editorskit_is_block_options_detached":false,"_editorskit_block_options_position":"{}","_uag_custom_page_level_css":"","site-sidebar-layout":"default","site-content-layout":"content-boxed-container","ast-site-content-layout":"default","site-content-style":"default","site-sidebar-style":"default","ast-global-header-display":"","ast-banner-title-visibility":"","ast-main-header-display":"","ast-hfb-above-header-display":"","ast-hfb-below-header-display":"","ast-hfb-mobile-header-display":"","site-post-title":"","ast-breadcrumbs-content":"","ast-featured-img":"","footer-sml-layout":"","ast-disable-related-posts":"","theme-transparent-header-meta":"default","adv-header-id-meta":"","stick-header-meta":"default","header-above-stick-meta":"","header-main-stick-meta":"","header-below-stick-meta":"","astra-migrate-meta-layouts":"default","ast-page-background-enabled":"default","ast-page-background-meta":{"desktop":{"background-color":"","background-image":"","background-repeat":"repeat","background-position":"center center","background-size":"auto","background-attachment":"scroll","background-type":"","background-media":"","overlay-type":"","overlay-color":"","overlay-opacity":"","overlay-gradient":""},"tablet":{"background-color":"","background-image":"","background-repeat":"repeat","background-position":"center center","background-size":"auto","background-attachment":"scroll","background-type":"","background-media":"","overlay-type":"","overlay-color":"","overlay-opacity":"","overlay-gradient":""},"mobile":{"background-color":"","background-image":"","background-repeat":"repeat","background-position":"center center","background-size":"auto","background-attachment":"scroll","background-type":"","background-media":"","overlay-type":"","overlay-color":"","overlay-opacity":"","overlay-gradient":""}},"ast-content-background-meta":{"desktop":{"background-color":"var(--ast-global-color-5)","background-image":"","background-repeat":"repeat","background-position":"center center","background-size":"auto","background-attachment":"scroll","background-type":"","background-media":"","overlay-type":"","overlay-color":"","overlay-opacity":"","overlay-gradient":""},"tablet":{"background-color":"var(--ast-global-color-5)","background-image":"","background-repeat":"repeat","background-position":"center center","background-size":"auto","background-attachment":"scroll","background-type":"","background-media":"","overlay-type":"","overlay-color":"","overlay-opacity":"","overlay-gradient":""},"mobile":{"background-color":"var(--ast-global-color-5)","background-image":"","background-repeat":"repeat","background-position":"center center","background-size":"auto","background-attachment":"scroll","background-type":"","background-media":"","overlay-type":"","overlay-color":"","overlay-opacity":"","overlay-gradient":""}},"footnotes":""},"class_list":["post-961","page","type-page","status-publish","hentry"],"yoast_head":"<!-- This site is optimized with the Yoast SEO plugin v27.2 - https:\/\/yoast.com\/product\/yoast-seo-wordpress\/ -->\n<title>Questions fr\u00e9quentes - Maldaz Collection<\/title>\n<meta name=\"robots\" content=\"index, follow, max-snippet:-1, max-image-preview:large, max-video-preview:-1\" \/>\n<link rel=\"canonical\" href=\"https:\/\/maldazcollection.com\/fr\/questions-frequentes\/\" \/>\n<meta property=\"og:locale\" content=\"fr_FR\" \/>\n<meta property=\"og:type\" content=\"article\" \/>\n<meta property=\"og:title\" content=\"Questions fr\u00e9quentes - Maldaz Collection\" \/>\n<meta property=\"og:description\" content=\"1. Dois-je m&rsquo;inscrire sur le web pour effectuer un achat dans Maldaz Collection ?Nous n&rsquo;avons pas besoin de vous inscrire pour faire des achats, vous pouvez acheter le produit que vous voulezsur le web de mani\u00e8re simple et s\u00e9curis\u00e9e. 2. J&rsquo;ai un article dans mon panier, cela signifie-t-il que je l&rsquo;ai r\u00e9serv\u00e9 ?Les produits ne [&hellip;]\" \/>\n<meta property=\"og:url\" content=\"https:\/\/maldazcollection.com\/fr\/questions-frequentes\/\" \/>\n<meta property=\"og:site_name\" content=\"Maldaz Collection\" \/>\n<meta property=\"article:modified_time\" content=\"2022-03-02T10:00:44+00:00\" \/>\n<meta name=\"twitter:card\" content=\"summary_large_image\" \/>\n<meta name=\"twitter:label1\" content=\"Dur\u00e9e de lecture estim\u00e9e\" \/>\n\t<meta name=\"twitter:data1\" content=\"3 minutes\" \/>\n<script type=\"application\/ld+json\" class=\"yoast-schema-graph\">{\"@context\":\"https:\/\/schema.org\",\"@graph\":[{\"@type\":\"WebPage\",\"@id\":\"https:\/\/maldazcollection.com\/fr\/questions-frequentes\/\",\"url\":\"https:\/\/maldazcollection.com\/fr\/questions-frequentes\/\",\"name\":\"Questions fr\u00e9quentes - Maldaz Collection\",\"isPartOf\":{\"@id\":\"https:\/\/maldazcollection.com\/fr\/#website\"},\"datePublished\":\"2021-03-23T07:42:49+00:00\",\"dateModified\":\"2022-03-02T10:00:44+00:00\",\"breadcrumb\":{\"@id\":\"https:\/\/maldazcollection.com\/fr\/questions-frequentes\/#breadcrumb\"},\"inLanguage\":\"fr-FR\",\"potentialAction\":[{\"@type\":\"ReadAction\",\"target\":[\"https:\/\/maldazcollection.com\/fr\/questions-frequentes\/\"]}]},{\"@type\":\"BreadcrumbList\",\"@id\":\"https:\/\/maldazcollection.com\/fr\/questions-frequentes\/#breadcrumb\",\"itemListElement\":[{\"@type\":\"ListItem\",\"position\":1,\"name\":\"Portada\",\"item\":\"https:\/\/maldazcollection.com\/fr\/\"},{\"@type\":\"ListItem\",\"position\":2,\"name\":\"Questions fr\u00e9quentes\"}]},{\"@type\":\"WebSite\",\"@id\":\"https:\/\/maldazcollection.com\/fr\/#website\",\"url\":\"https:\/\/maldazcollection.com\/fr\/\",\"name\":\"Maldaz Collection\",\"description\":\"Camisetas\",\"publisher\":{\"@id\":\"https:\/\/maldazcollection.com\/fr\/#organization\"},\"potentialAction\":[{\"@type\":\"SearchAction\",\"target\":{\"@type\":\"EntryPoint\",\"urlTemplate\":\"https:\/\/maldazcollection.com\/fr\/?s={search_term_string}\"},\"query-input\":{\"@type\":\"PropertyValueSpecification\",\"valueRequired\":true,\"valueName\":\"search_term_string\"}}],\"inLanguage\":\"fr-FR\"},{\"@type\":\"Organization\",\"@id\":\"https:\/\/maldazcollection.com\/fr\/#organization\",\"name\":\"Maldaz Collection\",\"url\":\"https:\/\/maldazcollection.com\/fr\/\",\"logo\":{\"@type\":\"ImageObject\",\"inLanguage\":\"fr-FR\",\"@id\":\"https:\/\/maldazcollection.com\/fr\/#\/schema\/logo\/image\/\",\"url\":\"https:\/\/maldazcollection.com\/wp-content\/uploads\/2021\/03\/cropped-logo-maldaz-nuevo-600.jpg\",\"contentUrl\":\"https:\/\/maldazcollection.com\/wp-content\/uploads\/2021\/03\/cropped-logo-maldaz-nuevo-600.jpg\",\"width\":600,\"height\":174,\"caption\":\"Maldaz Collection\"},\"image\":{\"@id\":\"https:\/\/maldazcollection.com\/fr\/#\/schema\/logo\/image\/\"}}]}<\/script>\n<!-- \/ Yoast SEO plugin. -->","yoast_head_json":{"title":"Questions fr\u00e9quentes - Maldaz Collection","robots":{"index":"index","follow":"follow","max-snippet":"max-snippet:-1","max-image-preview":"max-image-preview:large","max-video-preview":"max-video-preview:-1"},"canonical":"https:\/\/maldazcollection.com\/fr\/questions-frequentes\/","og_locale":"fr_FR","og_type":"article","og_title":"Questions fr\u00e9quentes - Maldaz Collection","og_description":"1. Dois-je m&rsquo;inscrire sur le web pour effectuer un achat dans Maldaz Collection ?Nous n&rsquo;avons pas besoin de vous inscrire pour faire des achats, vous pouvez acheter le produit que vous voulezsur le web de mani\u00e8re simple et s\u00e9curis\u00e9e. 2. J&rsquo;ai un article dans mon panier, cela signifie-t-il que je l&rsquo;ai r\u00e9serv\u00e9 ?Les produits ne [&hellip;]","og_url":"https:\/\/maldazcollection.com\/fr\/questions-frequentes\/","og_site_name":"Maldaz Collection","article_modified_time":"2022-03-02T10:00:44+00:00","twitter_card":"summary_large_image","twitter_misc":{"Dur\u00e9e de lecture estim\u00e9e":"3 minutes"},"schema":{"@context":"https:\/\/schema.org","@graph":[{"@type":"WebPage","@id":"https:\/\/maldazcollection.com\/fr\/questions-frequentes\/","url":"https:\/\/maldazcollection.com\/fr\/questions-frequentes\/","name":"Questions fr\u00e9quentes - Maldaz Collection","isPartOf":{"@id":"https:\/\/maldazcollection.com\/fr\/#website"},"datePublished":"2021-03-23T07:42:49+00:00","dateModified":"2022-03-02T10:00:44+00:00","breadcrumb":{"@id":"https:\/\/maldazcollection.com\/fr\/questions-frequentes\/#breadcrumb"},"inLanguage":"fr-FR","potentialAction":[{"@type":"ReadAction","target":["https:\/\/maldazcollection.com\/fr\/questions-frequentes\/"]}]},{"@type":"BreadcrumbList","@id":"https:\/\/maldazcollection.com\/fr\/questions-frequentes\/#breadcrumb","itemListElement":[{"@type":"ListItem","position":1,"name":"Portada","item":"https:\/\/maldazcollection.com\/fr\/"},{"@type":"ListItem","position":2,"name":"Questions fr\u00e9quentes"}]},{"@type":"WebSite","@id":"https:\/\/maldazcollection.com\/fr\/#website","url":"https:\/\/maldazcollection.com\/fr\/","name":"Maldaz Collection","description":"Camisetas","publisher":{"@id":"https:\/\/maldazcollection.com\/fr\/#organization"},"potentialAction":[{"@type":"SearchAction","target":{"@type":"EntryPoint","urlTemplate":"https:\/\/maldazcollection.com\/fr\/?s={search_term_string}"},"query-input":{"@type":"PropertyValueSpecification","valueRequired":true,"valueName":"search_term_string"}}],"inLanguage":"fr-FR"},{"@type":"Organization","@id":"https:\/\/maldazcollection.com\/fr\/#organization","name":"Maldaz Collection","url":"https:\/\/maldazcollection.com\/fr\/","logo":{"@type":"ImageObject","inLanguage":"fr-FR","@id":"https:\/\/maldazcollection.com\/fr\/#\/schema\/logo\/image\/","url":"https:\/\/maldazcollection.com\/wp-content\/uploads\/2021\/03\/cropped-logo-maldaz-nuevo-600.jpg","contentUrl":"https:\/\/maldazcollection.com\/wp-content\/uploads\/2021\/03\/cropped-logo-maldaz-nuevo-600.jpg","width":600,"height":174,"caption":"Maldaz Collection"},"image":{"@id":"https:\/\/maldazcollection.com\/fr\/#\/schema\/logo\/image\/"}}]}},"uagb_featured_image_src":{"full":false,"thumbnail":false,"medium":false,"medium_large":false,"large":false,"1536x1536":false,"2048x2048":false,"woocommerce_thumbnail":false,"woocommerce_single":false,"woocommerce_gallery_thumbnail":false},"uagb_author_info":{"display_name":"empiezapori","author_link":"https:\/\/maldazcollection.com\/fr\/author\/empiezapori\/"},"uagb_comment_info":0,"uagb_excerpt":"1. Dois-je m&rsquo;inscrire sur le web pour effectuer un achat dans Maldaz Collection ?Nous n&rsquo;avons pas besoin de vous inscrire pour faire des achats, vous pouvez acheter le produit que vous voulezsur le web de mani\u00e8re simple et s\u00e9curis\u00e9e. 2. J&rsquo;ai un article dans mon panier, cela signifie-t-il que je l&rsquo;ai r\u00e9serv\u00e9 ?Les produits ne\u2026","_links":{"self":[{"href":"https:\/\/maldazcollection.com\/fr\/wp-json\/wp\/v2\/pages\/961","targetHints":{"allow":["GET"]}}],"collection":[{"href":"https:\/\/maldazcollection.com\/fr\/wp-json\/wp\/v2\/pages"}],"about":[{"href":"https:\/\/maldazcollection.com\/fr\/wp-json\/wp\/v2\/types\/page"}],"author":[{"embeddable":true,"href":"https:\/\/maldazcollection.com\/fr\/wp-json\/wp\/v2\/users\/1"}],"replies":[{"embeddable":true,"href":"https:\/\/maldazcollection.com\/fr\/wp-json\/wp\/v2\/comments?post=961"}],"version-history":[{"count":2,"href":"https:\/\/maldazcollection.com\/fr\/wp-json\/wp\/v2\/pages\/961\/revisions"}],"predecessor-version":[{"id":977,"href":"https:\/\/maldazcollection.com\/fr\/wp-json\/wp\/v2\/pages\/961\/revisions\/977"}],"wp:attachment":[{"href":"https:\/\/maldazcollection.com\/fr\/wp-json\/wp\/v2\/media?parent=961"}],"curies":[{"name":"wp","href":"https:\/\/api.w.org\/{rel}","templated":true}]}}