{"id":960,"date":"2021-04-22T09:44:22","date_gmt":"2021-04-22T07:44:22","guid":{"rendered":"https:\/\/maldazcollection.com\/a-propos-de-nous\/"},"modified":"2022-03-02T11:00:44","modified_gmt":"2022-03-02T10:00:44","slug":"a-propos-de-nous","status":"publish","type":"page","link":"https:\/\/maldazcollection.com\/fr\/a-propos-de-nous\/","title":{"rendered":"\u00c0 propos de nous"},"content":{"rendered":"\n<div class=\"wp-block-group alignfull has-black-color has-black-background-color has-text-color has-background is-layout-flow wp-block-group-is-layout-flow\"><div class=\"wp-block-group__inner-container\">\n<div class=\"wp-block-media-text alignwide is-stacked-on-mobile is-vertically-aligned-center is-image-fill\" style=\"grid-template-columns:48% auto\"><figure class=\"wp-block-media-text__media\" style=\"background-image:url(https:\/\/maldazcollection.com\/wp-content\/uploads\/2021\/04\/IMG_3604-768x1024.jpg);background-position:50% 50%\"><img loading=\"lazy\" decoding=\"async\" width=\"768\" height=\"1024\" src=\"https:\/\/maldazcollection.com\/wp-content\/uploads\/2021\/04\/IMG_3604-768x1024.jpg\" alt=\"\" class=\"wp-image-436 size-full\" srcset=\"https:\/\/maldazcollection.com\/wp-content\/uploads\/2021\/04\/IMG_3604-768x1024.jpg 768w, https:\/\/maldazcollection.com\/wp-content\/uploads\/2021\/04\/IMG_3604-225x300.jpg 225w, https:\/\/maldazcollection.com\/wp-content\/uploads\/2021\/04\/IMG_3604-1152x1536.jpg 1152w, https:\/\/maldazcollection.com\/wp-content\/uploads\/2021\/04\/IMG_3604-1536x2048.jpg 1536w, https:\/\/maldazcollection.com\/wp-content\/uploads\/2021\/04\/IMG_3604-300x400.jpg 300w, https:\/\/maldazcollection.com\/wp-content\/uploads\/2021\/04\/IMG_3604-600x800.jpg 600w, https:\/\/maldazcollection.com\/wp-content\/uploads\/2021\/04\/IMG_3604-scaled.jpg 1920w\" sizes=\"auto, (max-width: 768px) 100vw, 768px\" \/><\/figure><div class=\"wp-block-media-text__content\">\n<h2 class=\"has-white-color has-text-color wp-block-heading\">notre inspiration<\/h2>\n\n\n\n<p class=\"has-white-color has-text-color\">Notre inspiration tombe sur la culture asiatique. Notre talisman protecteur FU DOG est la porte de notre r\u00eave.<\/p>\n\n\n\n<p class=\"has-white-color has-text-color\">Le design de nos v\u00eatements d\u00e9licats n&rsquo;est pas le fruit du hasard, c&rsquo;est le r\u00e9sultat de la recherche d&rsquo;un produit \u00e9labor\u00e9, d&rsquo;une vision photographique illimit\u00e9e, qui se transf\u00e8re \u00e0 chaque design en qu\u00eate d&rsquo;originalit\u00e9.<\/p>\n\n\n\n<p class=\"has-white-color has-text-color\">Nous aimons \u00eatre diff\u00e9rents et \u00eatre pr\u00e9sents dans des endroits sp\u00e9ciaux.<\/p>\n\n\n\n<p class=\"has-white-color has-text-color\">\u00c9dition limit\u00e9e \u00e0 100 exemplaires<\/p>\n\n\n\n<p class=\"has-white-color has-text-color\">Dany<\/p>\n\n\n\n<div style=\"height:291px\" aria-hidden=\"true\" class=\"wp-block-spacer\"><\/div>\n\n\n\n<p><\/p>\n<\/div><\/div>\n<\/div><\/div>\n","protected":false},"excerpt":{"rendered":"<p>notre inspiration Notre inspiration tombe sur la culture asiatique. Notre talisman protecteur FU DOG est la porte de notre r\u00eave. Le design de nos v\u00eatements d\u00e9licats n&rsquo;est pas le fruit du hasard, c&rsquo;est le r\u00e9sultat de la recherche d&rsquo;un produit \u00e9labor\u00e9, d&rsquo;une vision photographique illimit\u00e9e, qui se transf\u00e8re \u00e0 chaque design en qu\u00eate d&rsquo;originalit\u00e9. Nous [&hellip;]<\/p>\n","protected":false},"author":1,"featured_media":0,"parent":0,"menu_order":0,"comment_status":"closed","ping_status":"closed","template":"","meta":{"_editorskit_title_hidden":false,"_editorskit_reading_time":0,"_editorskit_is_block_options_detached":false,"_editorskit_block_options_position":"{}","_uag_custom_page_level_css":"","site-sidebar-layout":"default","site-content-layout":"default","ast-site-content-layout":"default","site-content-style":"default","site-sidebar-style":"default","ast-global-header-display":"","ast-banner-title-visibility":"","ast-main-header-display":"","ast-hfb-above-header-display":"","ast-hfb-below-header-display":"","ast-hfb-mobile-header-display":"","site-post-title":"disabled","ast-breadcrumbs-content":"","ast-featured-img":"","footer-sml-layout":"","ast-disable-related-posts":"","theme-transparent-header-meta":"default","adv-header-id-meta":"","stick-header-meta":"default","header-above-stick-meta":"","header-main-stick-meta":"","header-below-stick-meta":"","astra-migrate-meta-layouts":"default","ast-page-background-enabled":"default","ast-page-background-meta":{"desktop":{"background-color":"","background-image":"","background-repeat":"repeat","background-position":"center center","background-size":"auto","background-attachment":"scroll","background-type":"","background-media":"","overlay-type":"","overlay-color":"","overlay-opacity":"","overlay-gradient":""},"tablet":{"background-color":"","background-image":"","background-repeat":"repeat","background-position":"center center","background-size":"auto","background-attachment":"scroll","background-type":"","background-media":"","overlay-type":"","overlay-color":"","overlay-opacity":"","overlay-gradient":""},"mobile":{"background-color":"","background-image":"","background-repeat":"repeat","background-position":"center center","background-size":"auto","background-attachment":"scroll","background-type":"","background-media":"","overlay-type":"","overlay-color":"","overlay-opacity":"","overlay-gradient":""}},"ast-content-background-meta":{"desktop":{"background-color":"var(--ast-global-color-5)","background-image":"","background-repeat":"repeat","background-position":"center center","background-size":"auto","background-attachment":"scroll","background-type":"","background-media":"","overlay-type":"","overlay-color":"","overlay-opacity":"","overlay-gradient":""},"tablet":{"background-color":"var(--ast-global-color-5)","background-image":"","background-repeat":"repeat","background-position":"center center","background-size":"auto","background-attachment":"scroll","background-type":"","background-media":"","overlay-type":"","overlay-color":"","overlay-opacity":"","overlay-gradient":""},"mobile":{"background-color":"var(--ast-global-color-5)","background-image":"","background-repeat":"repeat","background-position":"center center","background-size":"auto","background-attachment":"scroll","background-type":"","background-media":"","overlay-type":"","overlay-color":"","overlay-opacity":"","overlay-gradient":""}},"footnotes":""},"class_list":["post-960","page","type-page","status-publish","hentry"],"yoast_head":"<!-- This site is optimized with the Yoast SEO plugin v27.2 - https:\/\/yoast.com\/product\/yoast-seo-wordpress\/ -->\n<title>\u00c0 propos de nous - Maldaz Collection<\/title>\n<meta name=\"robots\" content=\"index, follow, max-snippet:-1, max-image-preview:large, max-video-preview:-1\" \/>\n<link rel=\"canonical\" href=\"https:\/\/maldazcollection.com\/fr\/a-propos-de-nous\/\" \/>\n<meta property=\"og:locale\" content=\"fr_FR\" \/>\n<meta property=\"og:type\" content=\"article\" \/>\n<meta property=\"og:title\" content=\"\u00c0 propos de nous - Maldaz Collection\" \/>\n<meta property=\"og:description\" content=\"notre inspiration Notre inspiration tombe sur la culture asiatique. Notre talisman protecteur FU DOG est la porte de notre r\u00eave. Le design de nos v\u00eatements d\u00e9licats n&rsquo;est pas le fruit du hasard, c&rsquo;est le r\u00e9sultat de la recherche d&rsquo;un produit \u00e9labor\u00e9, d&rsquo;une vision photographique illimit\u00e9e, qui se transf\u00e8re \u00e0 chaque design en qu\u00eate d&rsquo;originalit\u00e9. Nous [&hellip;]\" \/>\n<meta property=\"og:url\" content=\"https:\/\/maldazcollection.com\/fr\/a-propos-de-nous\/\" \/>\n<meta property=\"og:site_name\" content=\"Maldaz Collection\" \/>\n<meta property=\"article:modified_time\" content=\"2022-03-02T10:00:44+00:00\" \/>\n<meta property=\"og:image\" content=\"https:\/\/maldazcollection.com\/wp-content\/uploads\/2021\/04\/IMG_3604-768x1024.jpg\" \/>\n<meta name=\"twitter:card\" content=\"summary_large_image\" \/>\n<script type=\"application\/ld+json\" class=\"yoast-schema-graph\">{\"@context\":\"https:\/\/schema.org\",\"@graph\":[{\"@type\":\"WebPage\",\"@id\":\"https:\/\/maldazcollection.com\/fr\/a-propos-de-nous\/\",\"url\":\"https:\/\/maldazcollection.com\/fr\/a-propos-de-nous\/\",\"name\":\"\u00c0 propos de nous - Maldaz Collection\",\"isPartOf\":{\"@id\":\"https:\/\/maldazcollection.com\/fr\/#website\"},\"primaryImageOfPage\":{\"@id\":\"https:\/\/maldazcollection.com\/fr\/a-propos-de-nous\/#primaryimage\"},\"image\":{\"@id\":\"https:\/\/maldazcollection.com\/fr\/a-propos-de-nous\/#primaryimage\"},\"thumbnailUrl\":\"https:\/\/maldazcollection.com\/wp-content\/uploads\/2021\/04\/IMG_3604-768x1024.jpg\",\"datePublished\":\"2021-04-22T07:44:22+00:00\",\"dateModified\":\"2022-03-02T10:00:44+00:00\",\"breadcrumb\":{\"@id\":\"https:\/\/maldazcollection.com\/fr\/a-propos-de-nous\/#breadcrumb\"},\"inLanguage\":\"fr-FR\",\"potentialAction\":[{\"@type\":\"ReadAction\",\"target\":[\"https:\/\/maldazcollection.com\/fr\/a-propos-de-nous\/\"]}]},{\"@type\":\"ImageObject\",\"inLanguage\":\"fr-FR\",\"@id\":\"https:\/\/maldazcollection.com\/fr\/a-propos-de-nous\/#primaryimage\",\"url\":\"https:\/\/maldazcollection.com\/wp-content\/uploads\/2021\/04\/IMG_3604-768x1024.jpg\",\"contentUrl\":\"https:\/\/maldazcollection.com\/wp-content\/uploads\/2021\/04\/IMG_3604-768x1024.jpg\"},{\"@type\":\"BreadcrumbList\",\"@id\":\"https:\/\/maldazcollection.com\/fr\/a-propos-de-nous\/#breadcrumb\",\"itemListElement\":[{\"@type\":\"ListItem\",\"position\":1,\"name\":\"Portada\",\"item\":\"https:\/\/maldazcollection.com\/fr\/\"},{\"@type\":\"ListItem\",\"position\":2,\"name\":\"\u00c0 propos de nous\"}]},{\"@type\":\"WebSite\",\"@id\":\"https:\/\/maldazcollection.com\/fr\/#website\",\"url\":\"https:\/\/maldazcollection.com\/fr\/\",\"name\":\"Maldaz Collection\",\"description\":\"Camisetas\",\"publisher\":{\"@id\":\"https:\/\/maldazcollection.com\/fr\/#organization\"},\"potentialAction\":[{\"@type\":\"SearchAction\",\"target\":{\"@type\":\"EntryPoint\",\"urlTemplate\":\"https:\/\/maldazcollection.com\/fr\/?s={search_term_string}\"},\"query-input\":{\"@type\":\"PropertyValueSpecification\",\"valueRequired\":true,\"valueName\":\"search_term_string\"}}],\"inLanguage\":\"fr-FR\"},{\"@type\":\"Organization\",\"@id\":\"https:\/\/maldazcollection.com\/fr\/#organization\",\"name\":\"Maldaz Collection\",\"url\":\"https:\/\/maldazcollection.com\/fr\/\",\"logo\":{\"@type\":\"ImageObject\",\"inLanguage\":\"fr-FR\",\"@id\":\"https:\/\/maldazcollection.com\/fr\/#\/schema\/logo\/image\/\",\"url\":\"https:\/\/maldazcollection.com\/wp-content\/uploads\/2021\/03\/cropped-logo-maldaz-nuevo-600.jpg\",\"contentUrl\":\"https:\/\/maldazcollection.com\/wp-content\/uploads\/2021\/03\/cropped-logo-maldaz-nuevo-600.jpg\",\"width\":600,\"height\":174,\"caption\":\"Maldaz Collection\"},\"image\":{\"@id\":\"https:\/\/maldazcollection.com\/fr\/#\/schema\/logo\/image\/\"}}]}<\/script>\n<!-- \/ Yoast SEO plugin. -->","yoast_head_json":{"title":"\u00c0 propos de nous - Maldaz Collection","robots":{"index":"index","follow":"follow","max-snippet":"max-snippet:-1","max-image-preview":"max-image-preview:large","max-video-preview":"max-video-preview:-1"},"canonical":"https:\/\/maldazcollection.com\/fr\/a-propos-de-nous\/","og_locale":"fr_FR","og_type":"article","og_title":"\u00c0 propos de nous - Maldaz Collection","og_description":"notre inspiration Notre inspiration tombe sur la culture asiatique. Notre talisman protecteur FU DOG est la porte de notre r\u00eave. Le design de nos v\u00eatements d\u00e9licats n&rsquo;est pas le fruit du hasard, c&rsquo;est le r\u00e9sultat de la recherche d&rsquo;un produit \u00e9labor\u00e9, d&rsquo;une vision photographique illimit\u00e9e, qui se transf\u00e8re \u00e0 chaque design en qu\u00eate d&rsquo;originalit\u00e9. Nous [&hellip;]","og_url":"https:\/\/maldazcollection.com\/fr\/a-propos-de-nous\/","og_site_name":"Maldaz Collection","article_modified_time":"2022-03-02T10:00:44+00:00","og_image":[{"url":"https:\/\/maldazcollection.com\/wp-content\/uploads\/2021\/04\/IMG_3604-768x1024.jpg","type":"","width":"","height":""}],"twitter_card":"summary_large_image","schema":{"@context":"https:\/\/schema.org","@graph":[{"@type":"WebPage","@id":"https:\/\/maldazcollection.com\/fr\/a-propos-de-nous\/","url":"https:\/\/maldazcollection.com\/fr\/a-propos-de-nous\/","name":"\u00c0 propos de nous - Maldaz Collection","isPartOf":{"@id":"https:\/\/maldazcollection.com\/fr\/#website"},"primaryImageOfPage":{"@id":"https:\/\/maldazcollection.com\/fr\/a-propos-de-nous\/#primaryimage"},"image":{"@id":"https:\/\/maldazcollection.com\/fr\/a-propos-de-nous\/#primaryimage"},"thumbnailUrl":"https:\/\/maldazcollection.com\/wp-content\/uploads\/2021\/04\/IMG_3604-768x1024.jpg","datePublished":"2021-04-22T07:44:22+00:00","dateModified":"2022-03-02T10:00:44+00:00","breadcrumb":{"@id":"https:\/\/maldazcollection.com\/fr\/a-propos-de-nous\/#breadcrumb"},"inLanguage":"fr-FR","potentialAction":[{"@type":"ReadAction","target":["https:\/\/maldazcollection.com\/fr\/a-propos-de-nous\/"]}]},{"@type":"ImageObject","inLanguage":"fr-FR","@id":"https:\/\/maldazcollection.com\/fr\/a-propos-de-nous\/#primaryimage","url":"https:\/\/maldazcollection.com\/wp-content\/uploads\/2021\/04\/IMG_3604-768x1024.jpg","contentUrl":"https:\/\/maldazcollection.com\/wp-content\/uploads\/2021\/04\/IMG_3604-768x1024.jpg"},{"@type":"BreadcrumbList","@id":"https:\/\/maldazcollection.com\/fr\/a-propos-de-nous\/#breadcrumb","itemListElement":[{"@type":"ListItem","position":1,"name":"Portada","item":"https:\/\/maldazcollection.com\/fr\/"},{"@type":"ListItem","position":2,"name":"\u00c0 propos de nous"}]},{"@type":"WebSite","@id":"https:\/\/maldazcollection.com\/fr\/#website","url":"https:\/\/maldazcollection.com\/fr\/","name":"Maldaz Collection","description":"Camisetas","publisher":{"@id":"https:\/\/maldazcollection.com\/fr\/#organization"},"potentialAction":[{"@type":"SearchAction","target":{"@type":"EntryPoint","urlTemplate":"https:\/\/maldazcollection.com\/fr\/?s={search_term_string}"},"query-input":{"@type":"PropertyValueSpecification","valueRequired":true,"valueName":"search_term_string"}}],"inLanguage":"fr-FR"},{"@type":"Organization","@id":"https:\/\/maldazcollection.com\/fr\/#organization","name":"Maldaz Collection","url":"https:\/\/maldazcollection.com\/fr\/","logo":{"@type":"ImageObject","inLanguage":"fr-FR","@id":"https:\/\/maldazcollection.com\/fr\/#\/schema\/logo\/image\/","url":"https:\/\/maldazcollection.com\/wp-content\/uploads\/2021\/03\/cropped-logo-maldaz-nuevo-600.jpg","contentUrl":"https:\/\/maldazcollection.com\/wp-content\/uploads\/2021\/03\/cropped-logo-maldaz-nuevo-600.jpg","width":600,"height":174,"caption":"Maldaz Collection"},"image":{"@id":"https:\/\/maldazcollection.com\/fr\/#\/schema\/logo\/image\/"}}]}},"uagb_featured_image_src":{"full":false,"thumbnail":false,"medium":false,"medium_large":false,"large":false,"1536x1536":false,"2048x2048":false,"woocommerce_thumbnail":false,"woocommerce_single":false,"woocommerce_gallery_thumbnail":false},"uagb_author_info":{"display_name":"empiezapori","author_link":"https:\/\/maldazcollection.com\/fr\/author\/empiezapori\/"},"uagb_comment_info":0,"uagb_excerpt":"notre inspiration Notre inspiration tombe sur la culture asiatique. Notre talisman protecteur FU DOG est la porte de notre r\u00eave. Le design de nos v\u00eatements d\u00e9licats n&rsquo;est pas le fruit du hasard, c&rsquo;est le r\u00e9sultat de la recherche d&rsquo;un produit \u00e9labor\u00e9, d&rsquo;une vision photographique illimit\u00e9e, qui se transf\u00e8re \u00e0 chaque design en qu\u00eate d&rsquo;originalit\u00e9. Nous\u2026","_links":{"self":[{"href":"https:\/\/maldazcollection.com\/fr\/wp-json\/wp\/v2\/pages\/960","targetHints":{"allow":["GET"]}}],"collection":[{"href":"https:\/\/maldazcollection.com\/fr\/wp-json\/wp\/v2\/pages"}],"about":[{"href":"https:\/\/maldazcollection.com\/fr\/wp-json\/wp\/v2\/types\/page"}],"author":[{"embeddable":true,"href":"https:\/\/maldazcollection.com\/fr\/wp-json\/wp\/v2\/users\/1"}],"replies":[{"embeddable":true,"href":"https:\/\/maldazcollection.com\/fr\/wp-json\/wp\/v2\/comments?post=960"}],"version-history":[{"count":2,"href":"https:\/\/maldazcollection.com\/fr\/wp-json\/wp\/v2\/pages\/960\/revisions"}],"predecessor-version":[{"id":972,"href":"https:\/\/maldazcollection.com\/fr\/wp-json\/wp\/v2\/pages\/960\/revisions\/972"}],"wp:attachment":[{"href":"https:\/\/maldazcollection.com\/fr\/wp-json\/wp\/v2\/media?parent=960"}],"curies":[{"name":"wp","href":"https:\/\/api.w.org\/{rel}","templated":true}]}}